{"id":84890,"date":"2026-03-13T18:12:55","date_gmt":"2026-03-13T16:12:55","guid":{"rendered":"https:\/\/olla.ee\/?post_type=product&#038;p=84890"},"modified":"2026-04-09T16:53:10","modified_gmt":"2026-04-09T14:53:10","slug":"age-armas-emme-alati-me-sudames-copy","status":"publish","type":"product","link":"https:\/\/olla.ee\/en\/toode\/age-armas-emme-alati-me-sudames-copy\/","title":{"rendered":"\u00c4GE ARMAS EMME | alati me s\u00fcdames"},"content":{"rendered":"","protected":false},"excerpt":{"rendered":"<p>Kaelakeed saab kanda kahepoolsena. \u00dchele poolele on graveeritud \u00c4GE ARMAS \u00d5PETAJA + kivike, teisele k\u00fcljele ALATI ME S\u00dcDAMES.<br \/>\nRipatsi l\u00e4bim\u00f5\u00f5t on 1,5 cm. Kee pikkus: 40 cm + 7cm. Kantav nelja erineva pikkusega. Keel on kinnituseks neli erinevat aasa.<\/p>\n<p>&gt;&gt; Saadaval: h\u00f5be, kulla ja roosa kulla v\u00e4rvi<\/p>\n<div><\/div>\n<div><strong><em>&gt;&gt;\u00a0<\/em>Kui kiiresti kaelakee minuni j\u00f5uab?<\/strong>\u00a0\u2013 Tellimused postitame SmartPOSTi ja Omniva pakiautomaatidesse igap\u00e4evaselt. Paki kohalej\u00f5udmine v\u00f5tab 1-2 t\u00f6\u00f6p\u00e4eva.<\/div>\n<div><\/div>\n<div><\/div>\n","protected":false},"featured_media":85002,"template":"","meta":[],"product_brand":[],"product_cat":[1325,15,1271],"product_tag":[],"class_list":{"0":"post-84890","1":"product","2":"type-product","3":"status-publish","4":"has-post-thumbnail","6":"product_cat-uus","7":"product_cat-emadepaev","8":"product_cat-kaelakeed","10":"first","11":"instock","12":"taxable","13":"shipping-taxable","14":"product-type-variable"},"_links":{"self":[{"href":"https:\/\/olla.ee\/en\/wp-json\/wp\/v2\/product\/84890","targetHints":{"allow":["GET"]}}],"collection":[{"href":"https:\/\/olla.ee\/en\/wp-json\/wp\/v2\/product"}],"about":[{"href":"https:\/\/olla.ee\/en\/wp-json\/wp\/v2\/types\/product"}],"wp:featuredmedia":[{"embeddable":true,"href":"https:\/\/olla.ee\/en\/wp-json\/wp\/v2\/media\/85002"}],"wp:attachment":[{"href":"https:\/\/olla.ee\/en\/wp-json\/wp\/v2\/media?parent=84890"}],"wp:term":[{"taxonomy":"product_brand","embeddable":true,"href":"https:\/\/olla.ee\/en\/wp-json\/wp\/v2\/product_brand?post=84890"},{"taxonomy":"product_cat","embeddable":true,"href":"https:\/\/olla.ee\/en\/wp-json\/wp\/v2\/product_cat?post=84890"},{"taxonomy":"product_tag","embeddable":true,"href":"https:\/\/olla.ee\/en\/wp-json\/wp\/v2\/product_tag?post=84890"}],"curies":[{"name":"wp","href":"https:\/\/api.w.org\/{rel}","templated":true}]}}