{"id":83907,"date":"2025-10-31T13:16:34","date_gmt":"2025-10-31T11:16:34","guid":{"rendered":"https:\/\/olla.ee\/?post_type=product&#038;p=83907"},"modified":"2026-01-22T16:45:37","modified_gmt":"2026-01-22T14:45:37","slug":"sateadmees","status":"publish","type":"product","link":"https:\/\/olla.ee\/en\/toode\/sateadmees\/","title":{"rendered":"SA TEAD \/ meestele"},"content":{"rendered":"<p>Terasest must erilise s\u00f5numiga k\u00e4ev\u00f5ru meestele<\/p>\n<p><strong>&gt;&gt;<\/strong>\u00a0OLLA k\u00e4ev\u00f5rude suurus on disainitud sobima k\u00f5igile, v\u00f5ru saab kerge painutamisega teha vastavalt randmele suuremaks v\u00f5i v\u00e4iksemaks. Kandjad armastavad OLLA v\u00f5rusid: meie\u00a0hinne\u00a0<a href=\"https:\/\/www.facebook.com\/pg\/ollaehe\/reviews\/?ref=page_internal\" target=\"_blank\" rel=\"noopener noreferrer\">klientide hinnangul on 5***** viiest<\/a>.<\/p>\n<p><strong><em>&gt;&gt;\u00a0<\/em>Kui kiiresti v\u00f5ru minuni j\u00f5uab?<\/strong> \u2013 Tellimused postitame SmartPOSTi ja Omniva pakiautomaatidesse igap\u00e4evaselt. Paki kohalej\u00f5udmine v\u00f5tab 1-2 t\u00f6\u00f6p\u00e4eva.<\/p>\n<p>&nbsp;<\/p>\n","protected":false},"excerpt":{"rendered":"<p><strong>&gt;&gt;<\/strong> OLLA k\u00e4ev\u00f5rude suurus on disainitud sobima k\u00f5igile, v\u00f5ru saab kerge painutamisega teha vastavalt randmele suuremaks v\u00f5i v\u00e4iksemaks. Kandjad armastavad OLLA v\u00f5rusid meie\u00a0hinne Facebookis on\u00a0<a href=\"https:\/\/www.facebook.com\/pg\/ollaehe\/reviews\/?ref=page_internal\" target=\"_blank\" rel=\"noopener noreferrer\">klientide hinnangul 5***** viiest<\/a>.<\/p>\n<p><strong><em>&gt;&gt;\u00a0<\/em>Kui kiiresti v\u00f5ru minuni j\u00f5uab?<\/strong> &#8211; Tellimused postitame SmartPOSTi\u00a0igap\u00e4evaselt kell 15:30 Tartu Rebase Rimi pakiautomaati. Vaata <a href=\"http:\/\/uus.smartpost.ee\/pakkide-saatmine\/pakkide-liikumise-graafik\">SIIT<\/a>, kui kiiresti see Sinuni j\u00f5uab. Omniva pakid postitame samal kellaajal ja hommikuti kell 9:00.<\/p>\n","protected":false},"featured_media":83911,"template":"","meta":[],"product_brand":[],"product_cat":[1334,1336,1273],"product_tag":[],"class_list":{"0":"post-83907","1":"product","2":"type-product","3":"status-publish","4":"has-post-thumbnail","6":"product_cat-isadepaev","7":"product_cat-sobrapaev","8":"product_cat-meestele","10":"first","11":"instock","12":"taxable","13":"shipping-taxable","14":"product-type-variable"},"_links":{"self":[{"href":"https:\/\/olla.ee\/en\/wp-json\/wp\/v2\/product\/83907","targetHints":{"allow":["GET"]}}],"collection":[{"href":"https:\/\/olla.ee\/en\/wp-json\/wp\/v2\/product"}],"about":[{"href":"https:\/\/olla.ee\/en\/wp-json\/wp\/v2\/types\/product"}],"wp:featuredmedia":[{"embeddable":true,"href":"https:\/\/olla.ee\/en\/wp-json\/wp\/v2\/media\/83911"}],"wp:attachment":[{"href":"https:\/\/olla.ee\/en\/wp-json\/wp\/v2\/media?parent=83907"}],"wp:term":[{"taxonomy":"product_brand","embeddable":true,"href":"https:\/\/olla.ee\/en\/wp-json\/wp\/v2\/product_brand?post=83907"},{"taxonomy":"product_cat","embeddable":true,"href":"https:\/\/olla.ee\/en\/wp-json\/wp\/v2\/product_cat?post=83907"},{"taxonomy":"product_tag","embeddable":true,"href":"https:\/\/olla.ee\/en\/wp-json\/wp\/v2\/product_tag?post=83907"}],"curies":[{"name":"wp","href":"https:\/\/api.w.org\/{rel}","templated":true}]}}