{"id":83807,"date":"2025-10-08T17:13:22","date_gmt":"2025-10-08T15:13:22","guid":{"rendered":"https:\/\/olla.ee\/?post_type=product&#038;p=83807"},"modified":"2026-03-09T15:12:34","modified_gmt":"2026-03-09T13:12:34","slug":"ujslaimatt","status":"publish","type":"product","link":"https:\/\/olla.ee\/en\/toode\/ujslaimatt\/","title":{"rendered":"UNISTA. JULGE. S\u00c4RA \/ lai matt k\u00e4ev\u00f5ru naistele"},"content":{"rendered":"","protected":false},"excerpt":{"rendered":"<p>UUS LEMMIK! 6 mm laiusega matt UNISTA. JULGE. S\u00c4RA k\u00e4ev\u00f5ru. V\u00f5ru kaunistab lisaks tekstile v\u00f5ru servas kivike.<\/p>\n<p><strong>&gt;&gt;<\/strong> OLLA k\u00e4ev\u00f5rude suurus on disainitud sobima k\u00f5igile, v\u00f5ru saab kerge painutamisega teha vastavalt randmele suuremaks v\u00f5i v\u00e4iksemaks. Kandjad armastavad OLLA v\u00f5rusid: meie\u00a0hinne\u00a0<a href=\"https:\/\/www.facebook.com\/pg\/ollaehe\/reviews\/?ref=page_internal\" target=\"_blank\" rel=\"noopener noreferrer\">klientide hinnangul on 5***** viiest<\/a>.<br \/>\n<strong>&gt;&gt;\u00a0 <\/strong>K\u00e4ev\u00f5rud on roostevabast rerasest\u00a0 kulla ja roosa kulla v\u00e4rvi v\u00f5rud on kaetud\u00a0 18 kt kullaga, h\u00f5be v\u00e4rvi v\u00f5ru on lihvitud terasest, must v\u00f5ru on kaetud musta kroomiga.<\/p>\n<p>&nbsp;<\/p>\n<p><strong><em>&gt;&gt;\u00a0<\/em>Kui kiiresti v\u00f5ru minuni j\u00f5uab?<\/strong> &#8211; Tellimused postitame SmartPOSTi ja Omniva pakiautomaatidesse igap\u00e4evaselt. Paki kohalej\u00f5udmine v\u00f5tab 1-2 p\u00e4eva.<\/p>\n","protected":false},"featured_media":83816,"template":"","meta":[],"product_brand":[],"product_cat":[1343,1325,1270,1323],"product_tag":[],"class_list":{"0":"post-83807","1":"product","2":"type-product","3":"status-publish","4":"has-post-thumbnail","6":"product_cat-synna8","7":"product_cat-uus","8":"product_cat-kaevorud","9":"product_cat-olla-x-goldtime","11":"first","12":"instock","13":"taxable","14":"shipping-taxable","15":"product-type-variable"},"_links":{"self":[{"href":"https:\/\/olla.ee\/en\/wp-json\/wp\/v2\/product\/83807","targetHints":{"allow":["GET"]}}],"collection":[{"href":"https:\/\/olla.ee\/en\/wp-json\/wp\/v2\/product"}],"about":[{"href":"https:\/\/olla.ee\/en\/wp-json\/wp\/v2\/types\/product"}],"wp:featuredmedia":[{"embeddable":true,"href":"https:\/\/olla.ee\/en\/wp-json\/wp\/v2\/media\/83816"}],"wp:attachment":[{"href":"https:\/\/olla.ee\/en\/wp-json\/wp\/v2\/media?parent=83807"}],"wp:term":[{"taxonomy":"product_brand","embeddable":true,"href":"https:\/\/olla.ee\/en\/wp-json\/wp\/v2\/product_brand?post=83807"},{"taxonomy":"product_cat","embeddable":true,"href":"https:\/\/olla.ee\/en\/wp-json\/wp\/v2\/product_cat?post=83807"},{"taxonomy":"product_tag","embeddable":true,"href":"https:\/\/olla.ee\/en\/wp-json\/wp\/v2\/product_tag?post=83807"}],"curies":[{"name":"wp","href":"https:\/\/api.w.org\/{rel}","templated":true}]}}