{"id":83495,"date":"2025-08-12T16:49:23","date_gmt":"2025-08-12T14:49:23","guid":{"rendered":"https:\/\/olla.ee\/?post_type=product&#038;p=83495"},"modified":"2025-12-14T12:54:05","modified_gmt":"2025-12-14T10:54:05","slug":"kallisvanaemakee","status":"publish","type":"product","link":"https:\/\/olla.ee\/en\/toode\/kallisvanaemakee\/","title":{"rendered":"KULLAKALLIS VANAEMA \/ alati me s\u00fcdames"},"content":{"rendered":"<p>OLLA uus vanaema kaelakeed saab kanda kahepoolsena. Kee \u00fcmara ripatsi \u00fchele poole on graveeritud tekst KULLAKALLIS VANAEMA ja tsirkoonkivike, teisele poole on graveeritud s\u00fcdamlik s\u00f5num \u00b4alati me s\u00fcdames \u2661\u00b4.<\/p>\n<p>Kaelakeed saab kanda nelja erineva pikkusega alates 42cm-50 cm. Valikus h\u00f5be, kulla ja roosa kulla v\u00e4rv.<\/p>\n<p>Materjal: Roostevaba terasest. Kulla ja roosa kulla v\u00e4rvi keed on kaetud 18 kt kullaga. H\u00f5be poleeritud teras. Keed on niklivabad ja ei p\u00f5hjusta allergiaid.<\/p>\n","protected":false},"excerpt":{"rendered":"<p>OLLA uus vanaema kaelakeed saab kanda kahepoolsena. Kee \u00fcmara ripatsi \u00fchele poole on graveeritud tekst KULLAKALLIS VANAEMA ja tsirkoonkivike, teisele poole on graveeritud s\u00fcdamlik s\u00f5num \u00b4alati me s\u00fcdames \u2661\u00b4.<\/p>\n<p>Kaelakeed saab kanda nelja erineva pikkusega alates 42cm-50 cm. Valikus h\u00f5be, kulla ja roosa kulla v\u00e4rv.<\/p>\n<p>Materjal: Roostevaba terasest. Kulla ja roosa kulla v\u00e4rvi keed on kaetud 18 kt kullaga. H\u00f5be poleeritud teras. Keed on niklivabad ja ei p\u00f5hjusta allergiaid.<\/p>\n<div><\/div>\n<div><strong><em>&gt;&gt;\u00a0<\/em>Kui kiiresti kaelakee minuni j\u00f5uab?<\/strong>\u00a0\u2013 Tellimused postitame SmartPOSTi ja Omniva pakiautomaatidesse igap\u00e4evaselt. Paki kohalej\u00f5udmine v\u00f5tab 1-2 t\u00f6\u00f6p\u00e4eva.<\/div>\n<div><\/div>\n<div><\/div>\n","protected":false},"featured_media":83593,"template":"","meta":[],"product_brand":[],"product_cat":[1342,1325,1271],"product_tag":[],"class_list":{"0":"post-83495","1":"product","2":"type-product","3":"status-publish","4":"has-post-thumbnail","6":"product_cat-vanavanematepaev2025","7":"product_cat-uus","8":"product_cat-kaelakeed","10":"first","11":"instock","12":"taxable","13":"shipping-taxable","14":"product-type-variable"},"_links":{"self":[{"href":"https:\/\/olla.ee\/en\/wp-json\/wp\/v2\/product\/83495","targetHints":{"allow":["GET"]}}],"collection":[{"href":"https:\/\/olla.ee\/en\/wp-json\/wp\/v2\/product"}],"about":[{"href":"https:\/\/olla.ee\/en\/wp-json\/wp\/v2\/types\/product"}],"wp:featuredmedia":[{"embeddable":true,"href":"https:\/\/olla.ee\/en\/wp-json\/wp\/v2\/media\/83593"}],"wp:attachment":[{"href":"https:\/\/olla.ee\/en\/wp-json\/wp\/v2\/media?parent=83495"}],"wp:term":[{"taxonomy":"product_brand","embeddable":true,"href":"https:\/\/olla.ee\/en\/wp-json\/wp\/v2\/product_brand?post=83495"},{"taxonomy":"product_cat","embeddable":true,"href":"https:\/\/olla.ee\/en\/wp-json\/wp\/v2\/product_cat?post=83495"},{"taxonomy":"product_tag","embeddable":true,"href":"https:\/\/olla.ee\/en\/wp-json\/wp\/v2\/product_tag?post=83495"}],"curies":[{"name":"wp","href":"https:\/\/api.w.org\/{rel}","templated":true}]}}