{"id":82533,"date":"2025-04-22T17:35:48","date_gmt":"2025-04-22T15:35:48","guid":{"rendered":"https:\/\/olla.ee\/?post_type=product&#038;p=82533"},"modified":"2025-12-08T13:28:57","modified_gmt":"2025-12-08T11:28:57","slug":"parimopetaja-3","status":"publish","type":"product","link":"https:\/\/olla.ee\/en\/toode\/parimopetaja-3\/","title":{"rendered":"PARIM \u00d5PETAJA"},"content":{"rendered":"","protected":false},"excerpt":{"rendered":"<div>\n<p>&gt; Medaljoni l\u00e4bim\u00f5\u00f5t 180 mm. Keti pikkus on 49 cm. Reguleeritav on 3 x 3cm kaupa l\u00fchemaks.<\/p>\n<\/div>\n<p>&gt; Saadaval: h\u00f5be, kulla ja roosa kulla v\u00e4rvi. Materjal roostevaba teras. Ei tekita allergiaid, ei kriimu ega tuhmu.<\/p>\n<p>&gt; Postitame \u00fche kuni kahe t\u00f6\u00f6p\u00e4eva jooksul.<\/p>\n","protected":false},"featured_media":82537,"template":"","meta":[],"product_brand":[],"product_cat":[1347,1325,1271],"product_tag":[],"class_list":{"0":"post-82533","1":"product","2":"type-product","3":"status-publish","4":"has-post-thumbnail","6":"product_cat-opetajale","7":"product_cat-uus","8":"product_cat-kaelakeed","10":"first","11":"instock","12":"taxable","13":"shipping-taxable","14":"product-type-variable"},"_links":{"self":[{"href":"https:\/\/olla.ee\/en\/wp-json\/wp\/v2\/product\/82533","targetHints":{"allow":["GET"]}}],"collection":[{"href":"https:\/\/olla.ee\/en\/wp-json\/wp\/v2\/product"}],"about":[{"href":"https:\/\/olla.ee\/en\/wp-json\/wp\/v2\/types\/product"}],"wp:featuredmedia":[{"embeddable":true,"href":"https:\/\/olla.ee\/en\/wp-json\/wp\/v2\/media\/82537"}],"wp:attachment":[{"href":"https:\/\/olla.ee\/en\/wp-json\/wp\/v2\/media?parent=82533"}],"wp:term":[{"taxonomy":"product_brand","embeddable":true,"href":"https:\/\/olla.ee\/en\/wp-json\/wp\/v2\/product_brand?post=82533"},{"taxonomy":"product_cat","embeddable":true,"href":"https:\/\/olla.ee\/en\/wp-json\/wp\/v2\/product_cat?post=82533"},{"taxonomy":"product_tag","embeddable":true,"href":"https:\/\/olla.ee\/en\/wp-json\/wp\/v2\/product_tag?post=82533"}],"curies":[{"name":"wp","href":"https:\/\/api.w.org\/{rel}","templated":true}]}}