{"id":82231,"date":"2025-03-25T16:17:27","date_gmt":"2025-03-25T14:17:27","guid":{"rendered":"https:\/\/olla.ee\/?post_type=product&#038;p=82231"},"modified":"2025-05-09T23:56:54","modified_gmt":"2025-05-09T21:56:54","slug":"armasageemme","status":"publish","type":"product","link":"https:\/\/olla.ee\/en\/toode\/armasageemme\/","title":{"rendered":"\u00c4GE ARMAS EMME I ilu on elus eneses"},"content":{"rendered":"","protected":false},"excerpt":{"rendered":"<p>Kaelakeed saab kanda kahepoolsena. \u00dchele poolele on graveeritud \u00c4GE ARMAS EMME, teisele k\u00fcljele ILU ON ELUS ENESES + Kivike<br \/>\nRipatsi l\u00e4bim\u00f5\u00f5t on 1,5 cm. Kee pikkus: 40 cm + 7cm. Kantav nelja erineva pikkusega. Keel on kinnituseks neli erinevat aasa.<\/p>\n<p>&gt;&gt; Saadaval: h\u00f5be, kulla ja roosa kulla v\u00e4rvi<\/p>\n<\/div>\n<div><\/div>\n<div><strong><em>&gt;&gt;\u00a0<\/em>Kui kiiresti kaelakee minuni j\u00f5uab?<\/strong>\u00a0\u2013 Tellimused postitame SmartPOSTi ja Omniva pakiautomaatidesse igap\u00e4evaselt. Paki kohalej\u00f5udmine v\u00f5tab 1-2 t\u00f6\u00f6p\u00e4eva.<\/div>\n<div><\/div>\n<div><\/div>\n","protected":false},"featured_media":82223,"template":"","meta":[],"product_brand":[],"product_cat":[1325,15,1271,1322],"product_tag":[],"class_list":{"0":"post-82231","1":"product","2":"type-product","3":"status-publish","4":"has-post-thumbnail","6":"product_cat-uus","7":"product_cat-emadepaev","8":"product_cat-kaelakeed","9":"product_cat-olla-x-lauri-rapp","11":"first","12":"instock","13":"taxable","14":"shipping-taxable","15":"product-type-variable"},"_links":{"self":[{"href":"https:\/\/olla.ee\/en\/wp-json\/wp\/v2\/product\/82231","targetHints":{"allow":["GET"]}}],"collection":[{"href":"https:\/\/olla.ee\/en\/wp-json\/wp\/v2\/product"}],"about":[{"href":"https:\/\/olla.ee\/en\/wp-json\/wp\/v2\/types\/product"}],"wp:featuredmedia":[{"embeddable":true,"href":"https:\/\/olla.ee\/en\/wp-json\/wp\/v2\/media\/82223"}],"wp:attachment":[{"href":"https:\/\/olla.ee\/en\/wp-json\/wp\/v2\/media?parent=82231"}],"wp:term":[{"taxonomy":"product_brand","embeddable":true,"href":"https:\/\/olla.ee\/en\/wp-json\/wp\/v2\/product_brand?post=82231"},{"taxonomy":"product_cat","embeddable":true,"href":"https:\/\/olla.ee\/en\/wp-json\/wp\/v2\/product_cat?post=82231"},{"taxonomy":"product_tag","embeddable":true,"href":"https:\/\/olla.ee\/en\/wp-json\/wp\/v2\/product_tag?post=82231"}],"curies":[{"name":"wp","href":"https:\/\/api.w.org\/{rel}","templated":true}]}}