{"id":81755,"date":"2025-01-28T11:20:01","date_gmt":"2025-01-28T09:20:01","guid":{"rendered":"https:\/\/olla.ee\/?post_type=product&#038;p=81755"},"modified":"2025-11-28T10:56:54","modified_gmt":"2025-11-28T08:56:54","slug":"kuujarvmeestele","status":"publish","type":"product","link":"https:\/\/olla.ee\/en\/toode\/kuujarvmeestele\/","title":{"rendered":"OLED MU KUU \/ OLEN SU J\u00c4RV meestele x LAURI R\u00c4PP KOLLEKTSIOON"},"content":{"rendered":"","protected":false},"excerpt":{"rendered":"<div>\n<p align=\"justify\">Meeste kaelakee<a href=\"https:\/\/olla.ee\/olla-x-lauri-rapp-kollektsioon-sai-taiendust-elatud-eilsete-ja-elamata-homsete-vahel\/\">\u00a0kollektsioonist\u00a0 OLLA x Lauri R\u00e4pp \u201cElatud eilsete ja elamata homsete vahel\u201d<\/a><\/p>\n<p class=\"western\" align=\"justify\"><em><span style=\"font-family: Liberation Serif, serif;\"><span style=\"color: #2d1f18;\">kuu on j\u00e4rve s\u00fcda<\/span><\/span><\/em><\/p>\n<p class=\"western\" align=\"justify\"><em><span style=\"font-family: Liberation Serif, serif;\"><span style=\"color: #2d1f18;\">ja mina olen j\u00e4rv<\/span><\/span><\/em><\/p>\n<p class=\"western\" align=\"justify\"><em><span style=\"font-family: Liberation Serif, serif;\">ma olen su j\u00e4rv<\/span><\/em><\/p>\n<p class=\"western\" align=\"justify\"><em><span style=\"font-family: Liberation Serif, serif;\">palju varjul mu sees<\/span><\/em><\/p>\n<p class=\"western\" align=\"justify\"><em><span style=\"font-family: Liberation Serif, serif;\">peegelsiledas vees<\/span><\/em><\/p>\n<p class=\"western\" align=\"justify\"><em><span style=\"font-family: Liberation Serif, serif;\">sa oled mu kuu<\/span><\/em><\/p>\n<p>Kee ripatsi \u00fchel k\u00fcljel on tekst\u00a0 OLED MU KUU ja teisel k\u00fcljel OLEN SU J\u00c4RV.<\/p>\n<p><strong><em>&gt;&gt; <\/em>Materjal:<\/strong> musta kroomiga kaetud teras. Ei kriimu, ei tuhmu, allergiavaba.<\/p>\n<\/div>\n<div><strong><em>&gt;&gt;\u00a0<\/em>Kui kiiresti kaelakee minuni j\u00f5uab?<\/strong>\u00a0\u2013 Tellimused postitame SmartPOSTi ja Omniva pakiautomaatidesse igap\u00e4evaselt. Paki kohalej\u00f5udmine v\u00f5tab 1-2 p\u00e4eva.<\/div>\n<div><\/div>\n<div><\/div>\n","protected":false},"featured_media":81766,"template":"","meta":[],"product_brand":[],"product_cat":[1334,1336,1325,1271,1273,1322],"product_tag":[],"class_list":{"0":"post-81755","1":"product","2":"type-product","3":"status-publish","4":"has-post-thumbnail","6":"product_cat-isadepaev","7":"product_cat-sobrapaev","8":"product_cat-uus","9":"product_cat-kaelakeed","10":"product_cat-meestele","11":"product_cat-olla-x-lauri-rapp","13":"first","14":"instock","15":"taxable","16":"shipping-taxable","17":"product-type-variable"},"_links":{"self":[{"href":"https:\/\/olla.ee\/en\/wp-json\/wp\/v2\/product\/81755","targetHints":{"allow":["GET"]}}],"collection":[{"href":"https:\/\/olla.ee\/en\/wp-json\/wp\/v2\/product"}],"about":[{"href":"https:\/\/olla.ee\/en\/wp-json\/wp\/v2\/types\/product"}],"wp:featuredmedia":[{"embeddable":true,"href":"https:\/\/olla.ee\/en\/wp-json\/wp\/v2\/media\/81766"}],"wp:attachment":[{"href":"https:\/\/olla.ee\/en\/wp-json\/wp\/v2\/media?parent=81755"}],"wp:term":[{"taxonomy":"product_brand","embeddable":true,"href":"https:\/\/olla.ee\/en\/wp-json\/wp\/v2\/product_brand?post=81755"},{"taxonomy":"product_cat","embeddable":true,"href":"https:\/\/olla.ee\/en\/wp-json\/wp\/v2\/product_cat?post=81755"},{"taxonomy":"product_tag","embeddable":true,"href":"https:\/\/olla.ee\/en\/wp-json\/wp\/v2\/product_tag?post=81755"}],"curies":[{"name":"wp","href":"https:\/\/api.w.org\/{rel}","templated":true}]}}