{"id":81751,"date":"2025-01-28T11:15:35","date_gmt":"2025-01-28T09:15:35","guid":{"rendered":"https:\/\/olla.ee\/?post_type=product&#038;p=81751"},"modified":"2026-02-02T13:01:48","modified_gmt":"2026-02-02T11:01:48","slug":"lumenimeeskee","status":"publish","type":"product","link":"https:\/\/olla.ee\/en\/toode\/lumenimeeskee\/","title":{"rendered":"LUMEST SUVENI \/ SUVEST LUMENI meestele x LAURI R\u00c4PP KOLLEKTSIOON"},"content":{"rendered":"","protected":false},"excerpt":{"rendered":"<div>\n<p>Meeste kaelakee<a href=\"https:\/\/olla.ee\/olla-x-lauri-rapp-kollektsioon-sai-taiendust-elatud-eilsete-ja-elamata-homsete-vahel\/\"> kollektsioonist\u00a0 OLLA x Lauri R\u00e4pp \u201cElatud eilsete ja elamata homsete vahel\u201d<\/a><\/p>\n<p><em>ma olen sinu.<\/em><\/p>\n<p><em>lumest suveni,<\/em><\/p>\n<p><em>suvest lumeni.<\/em><\/p>\n<p>&nbsp;<\/p>\n<p><em>ka siis,<\/em><\/p>\n<p><em>kui kevad<\/em><\/p>\n<p><em>sulab s\u00fcgiseks.<\/em><\/p>\n<p>&nbsp;<\/p>\n<p>&gt;&gt; Kee ripatsi \u00fchel k\u00fcljel on tekst\u00a0 LUMEST SUVENI\u00a0 ja teisel k\u00fcljel SUVEST LUMENI.<\/p>\n<p>&gt;&gt; <strong>Materjal:<\/strong>\u00a0musta kroomiga kaetud teras. Ei kriimu, ei tuhmu, allergiavaba.<\/p>\n<\/div>\n<div><\/div>\n<div><strong><em>&gt;&gt;\u00a0<\/em>Kui kiiresti kaelakee minuni j\u00f5uab?<\/strong> \u2013 Tellimused postitame SmartPOSTi ja Omniva pakiautomaatidesse k\u00f5ikidel t\u00f6\u00f6p\u00e4evadel. Paki kohalej\u00f5udmine v\u00f5tab 1-2 t\u00f6\u00f6p\u00e4eva.<\/div>\n<div><\/div>\n<div><\/div>\n","protected":false},"featured_media":81768,"template":"","meta":[],"product_brand":[],"product_cat":[1334,1336,1325,1273,1322],"product_tag":[],"class_list":{"0":"post-81751","1":"product","2":"type-product","3":"status-publish","4":"has-post-thumbnail","6":"product_cat-isadepaev","7":"product_cat-sobrapaev","8":"product_cat-uus","9":"product_cat-meestele","10":"product_cat-olla-x-lauri-rapp","12":"first","13":"instock","14":"taxable","15":"shipping-taxable","16":"product-type-variable"},"_links":{"self":[{"href":"https:\/\/olla.ee\/en\/wp-json\/wp\/v2\/product\/81751","targetHints":{"allow":["GET"]}}],"collection":[{"href":"https:\/\/olla.ee\/en\/wp-json\/wp\/v2\/product"}],"about":[{"href":"https:\/\/olla.ee\/en\/wp-json\/wp\/v2\/types\/product"}],"wp:featuredmedia":[{"embeddable":true,"href":"https:\/\/olla.ee\/en\/wp-json\/wp\/v2\/media\/81768"}],"wp:attachment":[{"href":"https:\/\/olla.ee\/en\/wp-json\/wp\/v2\/media?parent=81751"}],"wp:term":[{"taxonomy":"product_brand","embeddable":true,"href":"https:\/\/olla.ee\/en\/wp-json\/wp\/v2\/product_brand?post=81751"},{"taxonomy":"product_cat","embeddable":true,"href":"https:\/\/olla.ee\/en\/wp-json\/wp\/v2\/product_cat?post=81751"},{"taxonomy":"product_tag","embeddable":true,"href":"https:\/\/olla.ee\/en\/wp-json\/wp\/v2\/product_tag?post=81751"}],"curies":[{"name":"wp","href":"https:\/\/api.w.org\/{rel}","templated":true}]}}