{"id":81113,"date":"2024-12-03T20:02:06","date_gmt":"2024-12-03T18:02:06","guid":{"rendered":"https:\/\/olla.ee\/?post_type=product&#038;p=81113"},"modified":"2024-12-03T20:06:18","modified_gmt":"2024-12-03T18:06:18","slug":"onnkirgarmsorm","status":"publish","type":"product","link":"https:\/\/olla.ee\/en\/toode\/onnkirgarmsorm\/","title":{"rendered":"\u00f5nn. kirg. armastus I teemantiga s\u00f5rmus kaelakee"},"content":{"rendered":"","protected":false},"excerpt":{"rendered":"<p>OLLA ja Goldtime ehete erikollektsioon \u00d5NN ON OLLA.<\/p>\n<p>T\u00e4hendusliku s\u00f5numiga s\u00f5rumus-kaelaehe, mida kaunistab v\u00e4\u00e4riskivide kuninganna &#8211; teemant!\u00a0 Teemandi suurus on 0,014 ct, puhtus VS, v\u00e4rv H. Kaelaehe on reguleeritava pikkusega 43-50 cm.<\/p>\n<p>\u2022 S\u00f5rmuse l\u00e4bim\u00f5\u00f5t 17 mm<br \/>\n\u2022 Pakitud valgesse kinkekarpi<br \/>\n\u2022 Materjal: tugev roostevaba teras, mis on kriimu-ja tuhmumiskindel. Ei sisalda niklit, allergiavaba<br \/>\n\u2022 Kulla ja roosa kulla v\u00e4rvi keed on kaetud18kt roosa kullaga. H\u00f5be v\u00e4rvi &#8211; hoolikalt poleeritud teras. Musta v\u00e4rvi on kaetud musta kroomiga.<\/p>\n<p>&nbsp;<\/p>\n<p>&nbsp;<\/p>\n","protected":false},"featured_media":81118,"template":"","meta":[],"product_brand":[],"product_cat":[1271,1323,1293],"product_tag":[],"class_list":{"0":"post-81113","1":"product","2":"type-product","3":"status-publish","4":"has-post-thumbnail","6":"product_cat-kaelakeed","7":"product_cat-olla-x-goldtime","8":"product_cat-sormused","10":"first","11":"instock","12":"taxable","13":"shipping-taxable","14":"product-type-variable"},"_links":{"self":[{"href":"https:\/\/olla.ee\/en\/wp-json\/wp\/v2\/product\/81113","targetHints":{"allow":["GET"]}}],"collection":[{"href":"https:\/\/olla.ee\/en\/wp-json\/wp\/v2\/product"}],"about":[{"href":"https:\/\/olla.ee\/en\/wp-json\/wp\/v2\/types\/product"}],"wp:featuredmedia":[{"embeddable":true,"href":"https:\/\/olla.ee\/en\/wp-json\/wp\/v2\/media\/81118"}],"wp:attachment":[{"href":"https:\/\/olla.ee\/en\/wp-json\/wp\/v2\/media?parent=81113"}],"wp:term":[{"taxonomy":"product_brand","embeddable":true,"href":"https:\/\/olla.ee\/en\/wp-json\/wp\/v2\/product_brand?post=81113"},{"taxonomy":"product_cat","embeddable":true,"href":"https:\/\/olla.ee\/en\/wp-json\/wp\/v2\/product_cat?post=81113"},{"taxonomy":"product_tag","embeddable":true,"href":"https:\/\/olla.ee\/en\/wp-json\/wp\/v2\/product_tag?post=81113"}],"curies":[{"name":"wp","href":"https:\/\/api.w.org\/{rel}","templated":true}]}}