{"id":80487,"date":"2024-10-18T19:52:13","date_gmt":"2024-10-18T17:52:13","guid":{"rendered":"https:\/\/olla.ee\/?post_type=product&#038;p=80487"},"modified":"2026-03-13T09:19:12","modified_gmt":"2026-03-13T07:19:12","slug":"suvenikee","status":"publish","type":"product","link":"https:\/\/olla.ee\/en\/toode\/suvenikee\/","title":{"rendered":"LUMEST SUVENI \/ SUVEST LUMENI x LAURI R\u00c4PP KOLLEKTSIOON"},"content":{"rendered":"","protected":false},"excerpt":{"rendered":"<div>\n<p>Kaelakee<a href=\"https:\/\/olla.ee\/olla-x-lauri-rapp-kollektsioon-sai-taiendust-elatud-eilsete-ja-elamata-homsete-vahel\/\"> kollektsioonist\u00a0 OLLA x Lauri R\u00e4pp \u201cElatud eilsete ja elamata homsete vahel\u201d<\/a><\/p>\n<p><em>ma olen sinu.<\/em><\/p>\n<p><em>lumest suveni,<\/em><\/p>\n<p><em>suvest lumeni.<\/em><\/p>\n<p>&nbsp;<\/p>\n<p><em>ka siis,<\/em><\/p>\n<p><em>kui kevad<\/em><\/p>\n<p><em>sulab s\u00fcgiseks.<\/em><\/p>\n<p>&nbsp;<\/p>\n<p>&gt;&gt; Kee ripatsi \u00fchel k\u00fcljel on tekst\u00a0 LUMEST SUVENI\u00a0 ja teisel k\u00fcljel SUVEST LUMENI.<\/p>\n<p>&gt;&gt; Saadaval: h\u00f5be, kulla ja roosa kulla v\u00e4rvi<\/p>\n<\/div>\n<div><\/div>\n<div><strong><em>&gt;&gt;\u00a0<\/em>Kui kiiresti kaelakee minuni j\u00f5uab?<\/strong> \u2013 Tellimused postitame SmartPOSTi ja Omniva pakiautomaatidesse k\u00f5ikidel t\u00f6\u00f6p\u00e4evadel. Paki kohalej\u00f5udmine v\u00f5tab 1-2 t\u00f6\u00f6p\u00e4eva.<\/div>\n<div><\/div>\n<div><\/div>\n","protected":false},"featured_media":80533,"template":"","meta":[],"product_brand":[],"product_cat":[1325,1271,1322],"product_tag":[],"class_list":{"0":"post-80487","1":"product","2":"type-product","3":"status-publish","4":"has-post-thumbnail","6":"product_cat-uus","7":"product_cat-kaelakeed","8":"product_cat-olla-x-lauri-rapp","10":"first","11":"instock","12":"taxable","13":"shipping-taxable","14":"product-type-variable"},"_links":{"self":[{"href":"https:\/\/olla.ee\/en\/wp-json\/wp\/v2\/product\/80487","targetHints":{"allow":["GET"]}}],"collection":[{"href":"https:\/\/olla.ee\/en\/wp-json\/wp\/v2\/product"}],"about":[{"href":"https:\/\/olla.ee\/en\/wp-json\/wp\/v2\/types\/product"}],"wp:featuredmedia":[{"embeddable":true,"href":"https:\/\/olla.ee\/en\/wp-json\/wp\/v2\/media\/80533"}],"wp:attachment":[{"href":"https:\/\/olla.ee\/en\/wp-json\/wp\/v2\/media?parent=80487"}],"wp:term":[{"taxonomy":"product_brand","embeddable":true,"href":"https:\/\/olla.ee\/en\/wp-json\/wp\/v2\/product_brand?post=80487"},{"taxonomy":"product_cat","embeddable":true,"href":"https:\/\/olla.ee\/en\/wp-json\/wp\/v2\/product_cat?post=80487"},{"taxonomy":"product_tag","embeddable":true,"href":"https:\/\/olla.ee\/en\/wp-json\/wp\/v2\/product_tag?post=80487"}],"curies":[{"name":"wp","href":"https:\/\/api.w.org\/{rel}","templated":true}]}}