{"id":80483,"date":"2024-10-18T19:49:45","date_gmt":"2024-10-18T17:49:45","guid":{"rendered":"https:\/\/olla.ee\/?post_type=product&#038;p=80483"},"modified":"2025-11-28T19:44:53","modified_gmt":"2025-11-28T17:44:53","slug":"oled-mu-kuu-olen-su-jarv-x-lauri-rapp-kollektsioon","status":"publish","type":"product","link":"https:\/\/olla.ee\/en\/toode\/oled-mu-kuu-olen-su-jarv-x-lauri-rapp-kollektsioon\/","title":{"rendered":"OLED MU KUU \/ OLEN SU J\u00c4RV x LAURI R\u00c4PP KOLLEKTSIOON"},"content":{"rendered":"","protected":false},"excerpt":{"rendered":"<div>\n<p align=\"justify\">Kaelakee<a href=\"https:\/\/olla.ee\/olla-x-lauri-rapp-kollektsioon-sai-taiendust-elatud-eilsete-ja-elamata-homsete-vahel\/\">\u00a0kollektsioonist\u00a0 OLLA x Lauri R\u00e4pp \u201cElatud eilsete ja elamata homsete vahel\u201d<\/a><\/p>\n<p class=\"western\" align=\"justify\"><em><span style=\"font-family: Liberation Serif, serif;\"><span style=\"color: #2d1f18;\">kuu on j\u00e4rve s\u00fcda<\/span><\/span><\/em><\/p>\n<p class=\"western\" align=\"justify\"><em><span style=\"font-family: Liberation Serif, serif;\"><span style=\"color: #2d1f18;\">ja mina olen j\u00e4rv<\/span><\/span><\/em><\/p>\n<p class=\"western\" align=\"justify\"><em><span style=\"font-family: Liberation Serif, serif;\">ma olen su j\u00e4rv<\/span><\/em><\/p>\n<p class=\"western\" align=\"justify\"><em><span style=\"font-family: Liberation Serif, serif;\">palju varjul mu sees<\/span><\/em><\/p>\n<p class=\"western\" align=\"justify\"><em><span style=\"font-family: Liberation Serif, serif;\">peegelsiledas vees<\/span><\/em><\/p>\n<p class=\"western\" align=\"justify\"><em><span style=\"font-family: Liberation Serif, serif;\">sa oled mu kuu<\/span><\/em><\/p>\n<p>Kee ripatsi \u00fchel k\u00fcljel on tekst\u00a0 OLED MU KUU ja teisel k\u00fcljel OLEN SU J\u00c4RV.<\/p>\n<p>&gt;&gt; Saadaval: h\u00f5be, kulla ja roosa kulla v\u00e4rvi<\/p>\n<\/div>\n<div><\/div>\n<div><strong><em>&gt;&gt;\u00a0<\/em>Kui kiiresti kaelakee minuni j\u00f5uab?<\/strong>\u00a0\u2013 Tellimused postitame SmartPOSTi ja Omniva pakiautomaatidesse igap\u00e4evaselt. Paki kohalej\u00f5udmine v\u00f5tab 1-2 p\u00e4eva.<\/div>\n<div><\/div>\n<div><\/div>\n","protected":false},"featured_media":80539,"template":"","meta":[],"product_brand":[],"product_cat":[1325,1271,1322],"product_tag":[],"class_list":{"0":"post-80483","1":"product","2":"type-product","3":"status-publish","4":"has-post-thumbnail","6":"product_cat-uus","7":"product_cat-kaelakeed","8":"product_cat-olla-x-lauri-rapp","10":"first","11":"instock","12":"taxable","13":"shipping-taxable","14":"product-type-variable"},"_links":{"self":[{"href":"https:\/\/olla.ee\/en\/wp-json\/wp\/v2\/product\/80483","targetHints":{"allow":["GET"]}}],"collection":[{"href":"https:\/\/olla.ee\/en\/wp-json\/wp\/v2\/product"}],"about":[{"href":"https:\/\/olla.ee\/en\/wp-json\/wp\/v2\/types\/product"}],"wp:featuredmedia":[{"embeddable":true,"href":"https:\/\/olla.ee\/en\/wp-json\/wp\/v2\/media\/80539"}],"wp:attachment":[{"href":"https:\/\/olla.ee\/en\/wp-json\/wp\/v2\/media?parent=80483"}],"wp:term":[{"taxonomy":"product_brand","embeddable":true,"href":"https:\/\/olla.ee\/en\/wp-json\/wp\/v2\/product_brand?post=80483"},{"taxonomy":"product_cat","embeddable":true,"href":"https:\/\/olla.ee\/en\/wp-json\/wp\/v2\/product_cat?post=80483"},{"taxonomy":"product_tag","embeddable":true,"href":"https:\/\/olla.ee\/en\/wp-json\/wp\/v2\/product_tag?post=80483"}],"curies":[{"name":"wp","href":"https:\/\/api.w.org\/{rel}","templated":true}]}}