{"id":80479,"date":"2024-10-18T19:46:49","date_gmt":"2024-10-18T17:46:49","guid":{"rendered":"https:\/\/olla.ee\/?post_type=product&#038;p=80479"},"modified":"2026-03-09T10:40:31","modified_gmt":"2026-03-09T08:40:31","slug":"usklootusarmastuskee","status":"publish","type":"product","link":"https:\/\/olla.ee\/en\/toode\/usklootusarmastuskee\/","title":{"rendered":"USK. LOOTUS. ARMASTUS \/ OLLA HEA *"},"content":{"rendered":"","protected":false},"excerpt":{"rendered":"<div>\n<p><em>See kaelakee on saadaval ka Apollo kauplustes \u00fcle Eesti. Vaata saadavust <a href=\"https:\/\/www.apollo.ee\/olla-jargne-oma-unistustele-ripatsiga-kaelakee-h.html\">SIIT<\/a>.<\/em><\/p>\n<p>Kee ripatsi \u00fchel k\u00fcljel on tekst\u00a0 USK. LOOTUS. ARMASTUS\u00a0 ja teisel k\u00fcljel OLLA HEA.<\/p>\n<p>&gt;&gt; Saadaval: h\u00f5be, kulla ja roosa kulla v\u00e4rvi<\/p>\n<\/div>\n<div><\/div>\n<div><strong><em>&gt;&gt;\u00a0<\/em>Kui kiiresti kaelakee minuni j\u00f5uab?<\/strong>\u00a0\u2013 Tellimused postitame SmartPOSTi ja Omniva pakiautomaatidesse igap\u00e4evaselt. Paki kohalej\u00f5udmine v\u00f5tab 1-2 p\u00e4eva.<\/div>\n<div><\/div>\n<div><\/div>\n","protected":false},"featured_media":80591,"template":"","meta":[],"product_brand":[],"product_cat":[1344,1340,1325,1272,1271],"product_tag":[],"class_list":{"0":"post-80479","1":"product","2":"type-product","3":"status-publish","4":"has-post-thumbnail","6":"product_cat-joulueri","7":"product_cat-koolilopp","8":"product_cat-uus","9":"product_cat-leiunurk","10":"product_cat-kaelakeed","12":"first","13":"instock","14":"sale","15":"taxable","16":"shipping-taxable","17":"product-type-variable"},"_links":{"self":[{"href":"https:\/\/olla.ee\/en\/wp-json\/wp\/v2\/product\/80479","targetHints":{"allow":["GET"]}}],"collection":[{"href":"https:\/\/olla.ee\/en\/wp-json\/wp\/v2\/product"}],"about":[{"href":"https:\/\/olla.ee\/en\/wp-json\/wp\/v2\/types\/product"}],"wp:featuredmedia":[{"embeddable":true,"href":"https:\/\/olla.ee\/en\/wp-json\/wp\/v2\/media\/80591"}],"wp:attachment":[{"href":"https:\/\/olla.ee\/en\/wp-json\/wp\/v2\/media?parent=80479"}],"wp:term":[{"taxonomy":"product_brand","embeddable":true,"href":"https:\/\/olla.ee\/en\/wp-json\/wp\/v2\/product_brand?post=80479"},{"taxonomy":"product_cat","embeddable":true,"href":"https:\/\/olla.ee\/en\/wp-json\/wp\/v2\/product_cat?post=80479"},{"taxonomy":"product_tag","embeddable":true,"href":"https:\/\/olla.ee\/en\/wp-json\/wp\/v2\/product_tag?post=80479"}],"curies":[{"name":"wp","href":"https:\/\/api.w.org\/{rel}","templated":true}]}}