{"id":80472,"date":"2024-10-18T19:17:39","date_gmt":"2024-10-18T17:17:39","guid":{"rendered":"https:\/\/olla.ee\/?post_type=product&#038;p=80472"},"modified":"2026-02-09T14:59:25","modified_gmt":"2026-02-09T12:59:25","slug":"sydamegasydamessorm","status":"publish","type":"product","link":"https:\/\/olla.ee\/en\/toode\/sydamegasydamessorm\/","title":{"rendered":"s\u00fcdamega \u2665 s\u00fcdames"},"content":{"rendered":"","protected":false},"excerpt":{"rendered":"<p>Kanna s\u00f5rmuse v\u00f5i kaelakeena.<\/p>\n<p>****<\/p>\n<p>Kaelakee pikkus on 50 cm ja see on kinnitusaasade abil kantav nelja erineva pikkusega.<br \/>\nS\u00f5rmuse l\u00e4bim\u00f5\u00f5t 17 mm v\u00f5i 18 mm<br \/>\nMATERJAL: K\u00f5ik ehted on valmistatud vastupidavast terasest. Kullatooni ehted on kaetud 18K kullaga<\/p>\n","protected":false},"featured_media":80648,"template":"","meta":[],"product_brand":[],"product_cat":[1344,1336,1325,1293],"product_tag":[],"class_list":{"0":"post-80472","1":"product","2":"type-product","3":"status-publish","4":"has-post-thumbnail","6":"product_cat-joulueri","7":"product_cat-sobrapaev","8":"product_cat-uus","9":"product_cat-sormused","11":"first","12":"instock","13":"taxable","14":"shipping-taxable","15":"purchasable","16":"product-type-variable"},"_links":{"self":[{"href":"https:\/\/olla.ee\/en\/wp-json\/wp\/v2\/product\/80472","targetHints":{"allow":["GET"]}}],"collection":[{"href":"https:\/\/olla.ee\/en\/wp-json\/wp\/v2\/product"}],"about":[{"href":"https:\/\/olla.ee\/en\/wp-json\/wp\/v2\/types\/product"}],"wp:featuredmedia":[{"embeddable":true,"href":"https:\/\/olla.ee\/en\/wp-json\/wp\/v2\/media\/80648"}],"wp:attachment":[{"href":"https:\/\/olla.ee\/en\/wp-json\/wp\/v2\/media?parent=80472"}],"wp:term":[{"taxonomy":"product_brand","embeddable":true,"href":"https:\/\/olla.ee\/en\/wp-json\/wp\/v2\/product_brand?post=80472"},{"taxonomy":"product_cat","embeddable":true,"href":"https:\/\/olla.ee\/en\/wp-json\/wp\/v2\/product_cat?post=80472"},{"taxonomy":"product_tag","embeddable":true,"href":"https:\/\/olla.ee\/en\/wp-json\/wp\/v2\/product_tag?post=80472"}],"curies":[{"name":"wp","href":"https:\/\/api.w.org\/{rel}","templated":true}]}}