{"id":80465,"date":"2024-10-18T19:14:51","date_gmt":"2024-10-18T17:14:51","guid":{"rendered":"https:\/\/olla.ee\/?post_type=product&#038;p=80465"},"modified":"2026-03-05T10:38:11","modified_gmt":"2026-03-05T08:38:11","slug":"sydamesyles","status":"publish","type":"product","link":"https:\/\/olla.ee\/en\/toode\/sydamesyles\/","title":{"rendered":"s\u00fcdame s\u00fcles. \/ X LAURI R\u00c4PP KOLLEKTSIOON"},"content":{"rendered":"","protected":false},"excerpt":{"rendered":"<p>S\u00f5rmuskee<a href=\"https:\/\/olla.ee\/olla-x-lauri-rapp-kollektsioon-sai-taiendust-elatud-eilsete-ja-elamata-homsete-vahel\/\">\u00a0kollektsioonist\u00a0 OLLA x Lauri R\u00e4pp \u201cElatud eilsete ja elamata homsete vahel\u201d<\/a><\/p>\n<p><em>luba ma puhun<\/em><\/p>\n<p><em>su s\u00fcdamelt tolmu<\/em><\/p>\n<p><em>parandan haavad<\/em><\/p>\n<p><em>ja kustutan olnu<\/em><\/p>\n<p>&nbsp;<\/p>\n<p><em>luba ma p\u00fchin<\/em><\/p>\n<p><em>su p\u00f5skedelt vee<\/em><\/p>\n<p><em>suudlen su silmi<\/em><\/p>\n<p><em>ja kuivatan need<\/em><\/p>\n<p>&nbsp;<\/p>\n<p><em>neist kadunud lootuse<\/em><\/p>\n<p><em>leian sealt \u00fcles<\/em><\/p>\n<p><em>luba ma kannan<\/em><\/p>\n<p><em>sind s\u00fcdame s\u00fcles<\/em><\/p>\n<p>Kaelakee pikkus on 50 cm ja see on kinnitusaasade abil kantav nelja erineva pikkusega.<br \/>\nS\u00f5rmuse l\u00e4bim\u00f5\u00f5t 17 mm ja 18 mm.<\/p>\n<p>MATERJAL: K\u00f5ik ehted on valmistatud vastupidavast terasest. Kullatooni ehted on kaetud 18K kullaga<\/p>\n","protected":false},"featured_media":80638,"template":"","meta":[],"product_brand":[],"product_cat":[1336,1343,1325,1322,1293],"product_tag":[],"class_list":{"0":"post-80465","1":"product","2":"type-product","3":"status-publish","4":"has-post-thumbnail","6":"product_cat-sobrapaev","7":"product_cat-synna8","8":"product_cat-uus","9":"product_cat-olla-x-lauri-rapp","10":"product_cat-sormused","12":"first","13":"instock","14":"taxable","15":"shipping-taxable","16":"purchasable","17":"product-type-variable"},"_links":{"self":[{"href":"https:\/\/olla.ee\/en\/wp-json\/wp\/v2\/product\/80465","targetHints":{"allow":["GET"]}}],"collection":[{"href":"https:\/\/olla.ee\/en\/wp-json\/wp\/v2\/product"}],"about":[{"href":"https:\/\/olla.ee\/en\/wp-json\/wp\/v2\/types\/product"}],"wp:featuredmedia":[{"embeddable":true,"href":"https:\/\/olla.ee\/en\/wp-json\/wp\/v2\/media\/80638"}],"wp:attachment":[{"href":"https:\/\/olla.ee\/en\/wp-json\/wp\/v2\/media?parent=80465"}],"wp:term":[{"taxonomy":"product_brand","embeddable":true,"href":"https:\/\/olla.ee\/en\/wp-json\/wp\/v2\/product_brand?post=80465"},{"taxonomy":"product_cat","embeddable":true,"href":"https:\/\/olla.ee\/en\/wp-json\/wp\/v2\/product_cat?post=80465"},{"taxonomy":"product_tag","embeddable":true,"href":"https:\/\/olla.ee\/en\/wp-json\/wp\/v2\/product_tag?post=80465"}],"curies":[{"name":"wp","href":"https:\/\/api.w.org\/{rel}","templated":true}]}}