{"id":80461,"date":"2024-10-18T18:15:00","date_gmt":"2024-10-18T16:15:00","guid":{"rendered":"https:\/\/olla.ee\/?post_type=product&#038;p=80461"},"modified":"2026-03-09T13:07:37","modified_gmt":"2026-03-09T11:07:37","slug":"taiestierilineparlmees","status":"publish","type":"product","link":"https:\/\/olla.ee\/en\/toode\/taiestierilineparlmees\/","title":{"rendered":"T\u00c4IESTI ERILINE p\u00e4rliv\u00f5ru meestele"},"content":{"rendered":"<p><strong>&gt;&gt;<\/strong>\u00a0Saadaval: matt must<\/p>\n<p>&nbsp;<\/p>\n","protected":false},"excerpt":{"rendered":"<p><strong>&gt;&gt;<\/strong>\u00a0Saadaval: matt must<\/p>\n<p><strong><em>&gt;&gt;\u00a0<\/em>Kui kiiresti v\u00f5ru minuni j\u00f5uab?<\/strong>\u00a0\u2013 Tellimused postitame SmartPOSTi ja Omniva pakiautomaatidesse igap\u00e4evaselt. Paki kohalej\u00f5udmine v\u00f5tab 1-2 p\u00e4eva.<\/p>\n","protected":false},"featured_media":83923,"template":"","meta":[],"product_brand":[],"product_cat":[1334,1325,1273,1322],"product_tag":[],"class_list":{"0":"post-80461","1":"product","2":"type-product","3":"status-publish","4":"has-post-thumbnail","6":"product_cat-isadepaev","7":"product_cat-uus","8":"product_cat-meestele","9":"product_cat-olla-x-lauri-rapp","11":"first","12":"instock","13":"taxable","14":"shipping-taxable","15":"purchasable","16":"product-type-simple"},"_links":{"self":[{"href":"https:\/\/olla.ee\/en\/wp-json\/wp\/v2\/product\/80461","targetHints":{"allow":["GET"]}}],"collection":[{"href":"https:\/\/olla.ee\/en\/wp-json\/wp\/v2\/product"}],"about":[{"href":"https:\/\/olla.ee\/en\/wp-json\/wp\/v2\/types\/product"}],"wp:featuredmedia":[{"embeddable":true,"href":"https:\/\/olla.ee\/en\/wp-json\/wp\/v2\/media\/83923"}],"wp:attachment":[{"href":"https:\/\/olla.ee\/en\/wp-json\/wp\/v2\/media?parent=80461"}],"wp:term":[{"taxonomy":"product_brand","embeddable":true,"href":"https:\/\/olla.ee\/en\/wp-json\/wp\/v2\/product_brand?post=80461"},{"taxonomy":"product_cat","embeddable":true,"href":"https:\/\/olla.ee\/en\/wp-json\/wp\/v2\/product_cat?post=80461"},{"taxonomy":"product_tag","embeddable":true,"href":"https:\/\/olla.ee\/en\/wp-json\/wp\/v2\/product_tag?post=80461"}],"curies":[{"name":"wp","href":"https:\/\/api.w.org\/{rel}","templated":true}]}}