{"id":80456,"date":"2024-10-18T16:24:35","date_gmt":"2024-10-18T14:24:35","guid":{"rendered":"https:\/\/olla.ee\/?post_type=product&#038;p=80456"},"modified":"2026-04-01T12:22:34","modified_gmt":"2026-04-01T10:22:34","slug":"alatimusydamesmage","status":"publish","type":"product","link":"https:\/\/olla.ee\/en\/toode\/alatimusydamesmage\/","title":{"rendered":"ALATI MU S\u00dcDAMES mageveep\u00e4rliv\u00f5ru"},"content":{"rendered":"","protected":false},"excerpt":{"rendered":"<p><em>Magevee p\u00e4rlitega k\u00e4ev\u00f5ru sobib imeliselt kandmiseks erinevatel puhkudel erinevate komplektidega! Kanna eraldi v\u00f5i trendikalt kihiti. K\u00e4ev\u00f5rude kinnitused ja pikenduskeed on saadaval kolmes erinevas v\u00e4rvitoonis &#8211; h\u00f5be, kuld ja roosa kuld.<\/em><\/p>\n<p>Magevee p\u00e4rlid 2-3 mm<\/p>\n<p>Materjal: tugev roostevaba teras, mis on kriimu-ja tuhmumiskindel. Ei sisalda niklit, allergiavaba<br \/>\n\u2022 Kulla ja roosa kulla v\u00e4rvi keed on kaetud18kt roosa kullaga. H\u00f5be v\u00e4rvi &#8211; hoolikalt poleeritud teras.<\/p>\n<p>&nbsp;<\/p>\n<p>&nbsp;<\/p>\n","protected":false},"featured_media":80615,"template":"","meta":[],"product_brand":[],"product_cat":[1336,1325,1299],"product_tag":[],"class_list":{"0":"post-80456","1":"product","2":"type-product","3":"status-publish","4":"has-post-thumbnail","6":"product_cat-sobrapaev","7":"product_cat-uus","8":"product_cat-parlitega-kaevorud","10":"first","11":"instock","12":"taxable","13":"shipping-taxable","14":"product-type-variable"},"_links":{"self":[{"href":"https:\/\/olla.ee\/en\/wp-json\/wp\/v2\/product\/80456","targetHints":{"allow":["GET"]}}],"collection":[{"href":"https:\/\/olla.ee\/en\/wp-json\/wp\/v2\/product"}],"about":[{"href":"https:\/\/olla.ee\/en\/wp-json\/wp\/v2\/types\/product"}],"wp:featuredmedia":[{"embeddable":true,"href":"https:\/\/olla.ee\/en\/wp-json\/wp\/v2\/media\/80615"}],"wp:attachment":[{"href":"https:\/\/olla.ee\/en\/wp-json\/wp\/v2\/media?parent=80456"}],"wp:term":[{"taxonomy":"product_brand","embeddable":true,"href":"https:\/\/olla.ee\/en\/wp-json\/wp\/v2\/product_brand?post=80456"},{"taxonomy":"product_cat","embeddable":true,"href":"https:\/\/olla.ee\/en\/wp-json\/wp\/v2\/product_cat?post=80456"},{"taxonomy":"product_tag","embeddable":true,"href":"https:\/\/olla.ee\/en\/wp-json\/wp\/v2\/product_tag?post=80456"}],"curies":[{"name":"wp","href":"https:\/\/api.w.org\/{rel}","templated":true}]}}