{"id":80452,"date":"2024-10-18T16:08:52","date_gmt":"2024-10-18T14:08:52","guid":{"rendered":"https:\/\/olla.ee\/?post_type=product&#038;p=80452"},"modified":"2026-04-07T12:02:11","modified_gmt":"2026-04-07T10:02:11","slug":"onnonneis","status":"publish","type":"product","link":"https:\/\/olla.ee\/en\/toode\/onnonneis\/","title":{"rendered":"\u00d5NN ON NEIS, KES ME \u00dcMBER x LAURI R\u00c4PP KOLLEKTSIOON"},"content":{"rendered":"","protected":false},"excerpt":{"rendered":"<p>K\u00e4ev\u00f5ru<a href=\"https:\/\/olla.ee\/olla-x-lauri-rapp-kollektsioon-sai-taiendust-elatud-eilsete-ja-elamata-homsete-vahel\/\">\u00a0kollektsioonist\u00a0 OLLA x Lauri R\u00e4pp \u201cElatud eilsete ja elamata homsete vahel\u201d<\/a><\/p>\n<p><em>mu \u00f5nn on koduv\u00e4rava kriuksatus<br \/>\n<\/em><em>ja hundikoera tuttav haugatus<br \/>\n<\/em><em>k\u00fc\u00fcnlaleegi sahisev vaikus<br \/>\n<\/em><em>ja kallima pehme paitus<\/em><\/p>\n<p>&nbsp;<\/p>\n<p><em>mu \u00f5nn on suvevihmas, \u00e4ikeses<br \/>\n<\/em><em>ja j\u00e4rve taha loojunud p\u00e4ikeses<br \/>\n<\/em><em>su pehmetes sammudes<br \/>\n<\/em><em>ja aegades ammustes<\/em><\/p>\n<p><em>mu \u00f5nn on mu sees<br \/>\n<\/em><em>ja neis, kes mu \u00fcmber<\/em><\/p>\n<p>*****<br \/>\nOLLA k\u00e4ev\u00f5rude suurus on disainitud sobima k\u00f5igile, v\u00f5ru saab kerge painutamisega teha vastavalt randmele suuremaks v\u00f5i v\u00e4iksemaks. Kandjad armastavad OLLA v\u00f5rusid: meie hinne\u00a0<a href=\"https:\/\/www.facebook.com\/pg\/ollaehe\/reviews\/?ref=page_internal\" target=\"_blank\" rel=\"noopener noreferrer\">klientide hinnangul on 5***** viiest<\/a>.<br \/>\n<strong>&gt;\u00a0<\/strong>MATERJAL: OLLA ehted on valmistatud vastupidavast terasest. Kullatooni ehted on kaetud 18K kullaga. Allergiavabad<br \/>\n<strong><em>&gt;\u00a0<\/em>Kui kiiresti v\u00f5ru minuni j\u00f5uab?<\/strong>\u00a0\u2013 Tellimused postitame DPD, SmartPOSTi, Omniva pakiautomaatidesse k\u00f5ikidel t\u00f6\u00f6p\u00e4evadel. Paki kohalej\u00f5udmine v\u00f5tab 1-2 t\u00f6\u00f6p\u00e4eva.<\/p>\n","protected":false},"featured_media":80583,"template":"","meta":[],"product_brand":[],"product_cat":[1344,1343,1325,1270,1322],"product_tag":[],"class_list":{"0":"post-80452","1":"product","2":"type-product","3":"status-publish","4":"has-post-thumbnail","6":"product_cat-joulueri","7":"product_cat-synna8","8":"product_cat-uus","9":"product_cat-kaevorud","10":"product_cat-olla-x-lauri-rapp","12":"first","13":"instock","14":"taxable","15":"shipping-taxable","16":"product-type-variable"},"_links":{"self":[{"href":"https:\/\/olla.ee\/en\/wp-json\/wp\/v2\/product\/80452","targetHints":{"allow":["GET"]}}],"collection":[{"href":"https:\/\/olla.ee\/en\/wp-json\/wp\/v2\/product"}],"about":[{"href":"https:\/\/olla.ee\/en\/wp-json\/wp\/v2\/types\/product"}],"wp:featuredmedia":[{"embeddable":true,"href":"https:\/\/olla.ee\/en\/wp-json\/wp\/v2\/media\/80583"}],"wp:attachment":[{"href":"https:\/\/olla.ee\/en\/wp-json\/wp\/v2\/media?parent=80452"}],"wp:term":[{"taxonomy":"product_brand","embeddable":true,"href":"https:\/\/olla.ee\/en\/wp-json\/wp\/v2\/product_brand?post=80452"},{"taxonomy":"product_cat","embeddable":true,"href":"https:\/\/olla.ee\/en\/wp-json\/wp\/v2\/product_cat?post=80452"},{"taxonomy":"product_tag","embeddable":true,"href":"https:\/\/olla.ee\/en\/wp-json\/wp\/v2\/product_tag?post=80452"}],"curies":[{"name":"wp","href":"https:\/\/api.w.org\/{rel}","templated":true}]}}