{"id":80448,"date":"2024-10-18T16:08:50","date_gmt":"2024-10-18T14:08:50","guid":{"rendered":"https:\/\/olla.ee\/?post_type=product&#038;p=80448"},"modified":"2026-03-09T12:12:42","modified_gmt":"2026-03-09T10:12:42","slug":"eluhelgetudruk","status":"publish","type":"product","link":"https:\/\/olla.ee\/en\/toode\/eluhelgetudruk\/","title":{"rendered":"ELU HELGEMA POOLE T\u00dcDRUK x LAURI R\u00c4PP KOLLEKTSIOON"},"content":{"rendered":"","protected":false},"excerpt":{"rendered":"<p>K\u00e4ev\u00f5ru<a href=\"https:\/\/olla.ee\/olla-x-lauri-rapp-kollektsioon-sai-taiendust-elatud-eilsete-ja-elamata-homsete-vahel\/\">\u00a0kollektsioonist\u00a0 OLLA x Lauri R\u00e4pp \u201cElatud eilsete ja elamata homsete vahel\u201d<\/a><\/p>\n<p><em>Suvep\u00e4ikese ja lilleliste kleitidega.<br \/>\n<\/em><em>Selline, kes usub,<br \/>\n<\/em><em>et \u00f5hk muudab v\u00e4rvi,<br \/>\n<\/em><em>kui sa talle selja p\u00f6\u00f6rad.<br \/>\n<\/em><em>V\u00f5ib heita jalast kingad<br \/>\n<\/em><em>ja tantsida veelompides,<br \/>\n<\/em><em>kui tuleb tuju.<\/em><\/p>\n<p><em>V\u00f5i naerda laginal hetkedel,<br \/>\n<\/em><em>mil see n\u00e4is teistele kohatu.<\/em><\/p>\n<p>*****<\/p>\n<blockquote><p>\u00a0OLLA k\u00e4ev\u00f5rude suurus on disainitud sobima k\u00f5igile, v\u00f5ru saab kerge painutamisega teha vastavalt randmele suuremaks v\u00f5i v\u00e4iksemaks. Kandjad armastavad OLLA v\u00f5rusid: meie\u00a0hinne\u00a0<a href=\"https:\/\/www.facebook.com\/pg\/ollaehe\/reviews\/?ref=page_internal\" target=\"_blank\" rel=\"noopener noreferrer\">klientide hinnangul on 5***** viiest<\/a>.<\/p>\n<p><strong>\u00a0&gt; <\/strong>MATERJAL: OLLA ehted on valmistatud vastupidavast terasest. Kullatooni ehted on kaetud 18K kullaga. Allergiavabad<\/p><\/blockquote>\n<p><strong><em>\u00a0 \u00a0 \u00a0 \u00a0 \u00a0 \u00a0&gt; <\/em>Kui kiiresti v\u00f5ru minuni j\u00f5uab?<\/strong>\u00a0\u2013 Tellimused postitame DPD, SmartPOSTi, Omniva pakiautomaatidesse k\u00f5ikidel t\u00f6\u00f6p\u00e4evadel. Paki kohalej\u00f5udmine v\u00f5tab 1-2 t\u00f6\u00f6p\u00e4eva.<\/p>\n","protected":false},"featured_media":80599,"template":"","meta":[],"product_brand":[],"product_cat":[1325,1270,1322],"product_tag":[],"class_list":{"0":"post-80448","1":"product","2":"type-product","3":"status-publish","4":"has-post-thumbnail","6":"product_cat-uus","7":"product_cat-kaevorud","8":"product_cat-olla-x-lauri-rapp","10":"first","11":"instock","12":"taxable","13":"shipping-taxable","14":"product-type-variable"},"_links":{"self":[{"href":"https:\/\/olla.ee\/en\/wp-json\/wp\/v2\/product\/80448","targetHints":{"allow":["GET"]}}],"collection":[{"href":"https:\/\/olla.ee\/en\/wp-json\/wp\/v2\/product"}],"about":[{"href":"https:\/\/olla.ee\/en\/wp-json\/wp\/v2\/types\/product"}],"wp:featuredmedia":[{"embeddable":true,"href":"https:\/\/olla.ee\/en\/wp-json\/wp\/v2\/media\/80599"}],"wp:attachment":[{"href":"https:\/\/olla.ee\/en\/wp-json\/wp\/v2\/media?parent=80448"}],"wp:term":[{"taxonomy":"product_brand","embeddable":true,"href":"https:\/\/olla.ee\/en\/wp-json\/wp\/v2\/product_brand?post=80448"},{"taxonomy":"product_cat","embeddable":true,"href":"https:\/\/olla.ee\/en\/wp-json\/wp\/v2\/product_cat?post=80448"},{"taxonomy":"product_tag","embeddable":true,"href":"https:\/\/olla.ee\/en\/wp-json\/wp\/v2\/product_tag?post=80448"}],"curies":[{"name":"wp","href":"https:\/\/api.w.org\/{rel}","templated":true}]}}