{"id":80440,"date":"2024-10-18T14:01:53","date_gmt":"2024-10-18T12:01:53","guid":{"rendered":"https:\/\/olla.ee\/?post_type=product&#038;p=80440"},"modified":"2026-04-01T12:16:38","modified_gmt":"2026-04-01T10:16:38","slug":"paike","status":"publish","type":"product","link":"https:\/\/olla.ee\/en\/toode\/paike\/","title":{"rendered":"M\u00d5NI ON KUI P\u00c4IKE x LAURI R\u00c4PP KOLLEKTSIOON"},"content":{"rendered":"","protected":false},"excerpt":{"rendered":"<p>K\u00e4ev\u00f5ru<a href=\"https:\/\/olla.ee\/olla-x-lauri-rapp-kollektsioon-sai-taiendust-elatud-eilsete-ja-elamata-homsete-vahel\/\">\u00a0kollektsioonist\u00a0 OLLA x Lauri R\u00e4pp \u201cElatud eilsete ja elamata homsete vahel\u201d<\/a><\/p>\n<p><em>Ta s\u00e4rab<br \/>\n<\/em><em>ja tema vaatamine<br \/>\n<\/em><em>valmistab<br \/>\n<\/em><em>sulle r\u00f5\u00f5mu,<br \/>\n<\/em><em>annab sooja.<\/em><\/p>\n<p>*****<br \/>\nOLLA k\u00e4ev\u00f5rude suurus on disainitud sobima k\u00f5igile, v\u00f5ru saab kerge painutamisega teha vastavalt randmele suuremaks v\u00f5i v\u00e4iksemaks. Kandjad armastavad OLLA v\u00f5rusid: meie hinne\u00a0<a href=\"https:\/\/www.facebook.com\/pg\/ollaehe\/reviews\/?ref=page_internal\" target=\"_blank\" rel=\"noopener noreferrer\">klientide hinnangul on 5***** viiest<\/a>.<br \/>\n<strong>&gt; <\/strong>MATERJAL: OLLA ehted on valmistatud vastupidavast terasest. Kullatooni ehted on kaetud 18K kullaga. Allergiavabad<br \/>\n<strong><em>&gt; <\/em>Kui kiiresti v\u00f5ru minuni j\u00f5uab?<\/strong>\u00a0\u2013 Tellimused postitame DPD, SmartPOSTi, Omniva pakiautomaatidesse k\u00f5ikidel t\u00f6\u00f6p\u00e4evadel. Paki kohalej\u00f5udmine v\u00f5tab 1-2 t\u00f6\u00f6p\u00e4eva.<\/p>\n","protected":false},"featured_media":80606,"template":"","meta":[],"product_brand":[],"product_cat":[1336,1325,1270,1322],"product_tag":[],"class_list":{"0":"post-80440","1":"product","2":"type-product","3":"status-publish","4":"has-post-thumbnail","6":"product_cat-sobrapaev","7":"product_cat-uus","8":"product_cat-kaevorud","9":"product_cat-olla-x-lauri-rapp","11":"first","12":"instock","13":"taxable","14":"shipping-taxable","15":"product-type-variable"},"_links":{"self":[{"href":"https:\/\/olla.ee\/en\/wp-json\/wp\/v2\/product\/80440","targetHints":{"allow":["GET"]}}],"collection":[{"href":"https:\/\/olla.ee\/en\/wp-json\/wp\/v2\/product"}],"about":[{"href":"https:\/\/olla.ee\/en\/wp-json\/wp\/v2\/types\/product"}],"wp:featuredmedia":[{"embeddable":true,"href":"https:\/\/olla.ee\/en\/wp-json\/wp\/v2\/media\/80606"}],"wp:attachment":[{"href":"https:\/\/olla.ee\/en\/wp-json\/wp\/v2\/media?parent=80440"}],"wp:term":[{"taxonomy":"product_brand","embeddable":true,"href":"https:\/\/olla.ee\/en\/wp-json\/wp\/v2\/product_brand?post=80440"},{"taxonomy":"product_cat","embeddable":true,"href":"https:\/\/olla.ee\/en\/wp-json\/wp\/v2\/product_cat?post=80440"},{"taxonomy":"product_tag","embeddable":true,"href":"https:\/\/olla.ee\/en\/wp-json\/wp\/v2\/product_tag?post=80440"}],"curies":[{"name":"wp","href":"https:\/\/api.w.org\/{rel}","templated":true}]}}