{"id":80435,"date":"2024-10-18T13:51:11","date_gmt":"2024-10-18T11:51:11","guid":{"rendered":"https:\/\/olla.ee\/?post_type=product&#038;p=80435"},"modified":"2025-06-15T20:31:17","modified_gmt":"2025-06-15T18:31:17","slug":"sinimustvalge","status":"publish","type":"product","link":"https:\/\/olla.ee\/en\/toode\/sinimustvalge\/","title":{"rendered":"ARMASTAN SIND SINIMUSTVALGELT x LAURI R\u00c4PP KOLLEKTSIOON"},"content":{"rendered":"","protected":false},"excerpt":{"rendered":"<p>K\u00e4ev\u00f5ru<a href=\"https:\/\/olla.ee\/olla-x-lauri-rapp-kollektsioon-sai-taiendust-elatud-eilsete-ja-elamata-homsete-vahel\/\">\u00a0kollektsioonist\u00a0 OLLA x Lauri R\u00e4pp \u201cElatud eilsete ja elamata homsete vahel\u201d<\/a><\/p>\n<p><em>Ma armastan Su<\/em><br \/>\n<em>suve ja s\u00fcgist,<\/em><br \/>\n<em>kevadet ja talve.<\/em><br \/>\n<em>Ma armastan<\/em><br \/>\n<em>neid k\u00f5iki<\/em><br \/>\n<em>ja Sind sinimustvalgelt.<\/em><\/p>\n<p>*****<\/p>\n<p>OLLA k\u00e4ev\u00f5rude suurus on disainitud sobima k\u00f5igile, v\u00f5ru saab kerge painutamisega teha vastavalt randmele suuremaks v\u00f5i v\u00e4iksemaks. Kandjad armastavad OLLA v\u00f5rusid: meie hinne\u00a0<a href=\"https:\/\/www.facebook.com\/pg\/ollaehe\/reviews\/?ref=page_internal\" target=\"_blank\" rel=\"noopener noreferrer\">klientide hinnangul on 5***** viiest<\/a>.<br \/>\n<strong>&gt;\u00a0<\/strong>MATERJAL: OLLA ehted on valmistatud vastupidavast terasest. Kullatooni ehted on kaetud 18K kullaga. Allergiavabad<br \/>\n<strong><em>&gt;\u00a0<\/em>Kui kiiresti v\u00f5ru minuni j\u00f5uab?<\/strong>\u00a0\u2013 Tellimused postitame DPD, SmartPOSTi, Omniva pakiautomaatidesse k\u00f5ikidel t\u00f6\u00f6p\u00e4evadel. Paki kohalej\u00f5udmine v\u00f5tab 1-2 t\u00f6\u00f6p\u00e4eva.<\/p>\n","protected":false},"featured_media":80623,"template":"","meta":[],"product_brand":[],"product_cat":[1325,1270,1322],"product_tag":[],"class_list":{"0":"post-80435","1":"product","2":"type-product","3":"status-publish","4":"has-post-thumbnail","6":"product_cat-uus","7":"product_cat-kaevorud","8":"product_cat-olla-x-lauri-rapp","10":"first","11":"instock","12":"taxable","13":"shipping-taxable","14":"product-type-variable"},"_links":{"self":[{"href":"https:\/\/olla.ee\/en\/wp-json\/wp\/v2\/product\/80435","targetHints":{"allow":["GET"]}}],"collection":[{"href":"https:\/\/olla.ee\/en\/wp-json\/wp\/v2\/product"}],"about":[{"href":"https:\/\/olla.ee\/en\/wp-json\/wp\/v2\/types\/product"}],"wp:featuredmedia":[{"embeddable":true,"href":"https:\/\/olla.ee\/en\/wp-json\/wp\/v2\/media\/80623"}],"wp:attachment":[{"href":"https:\/\/olla.ee\/en\/wp-json\/wp\/v2\/media?parent=80435"}],"wp:term":[{"taxonomy":"product_brand","embeddable":true,"href":"https:\/\/olla.ee\/en\/wp-json\/wp\/v2\/product_brand?post=80435"},{"taxonomy":"product_cat","embeddable":true,"href":"https:\/\/olla.ee\/en\/wp-json\/wp\/v2\/product_cat?post=80435"},{"taxonomy":"product_tag","embeddable":true,"href":"https:\/\/olla.ee\/en\/wp-json\/wp\/v2\/product_tag?post=80435"}],"curies":[{"name":"wp","href":"https:\/\/api.w.org\/{rel}","templated":true}]}}