{"id":80421,"date":"2024-10-18T12:39:28","date_gmt":"2024-10-18T10:39:28","guid":{"rendered":"https:\/\/olla.ee\/?post_type=product&#038;p=80421"},"modified":"2025-12-09T12:17:14","modified_gmt":"2025-12-09T10:17:14","slug":"heasorm","status":"publish","type":"product","link":"https:\/\/olla.ee\/en\/toode\/heasorm\/","title":{"rendered":"hea headusena. soe soojusena."},"content":{"rendered":"","protected":false},"excerpt":{"rendered":"<p>S\u00f5rmuskee<a href=\"https:\/\/olla.ee\/olla-x-lauri-rapp-kollektsioon-sai-taiendust-elatud-eilsete-ja-elamata-homsete-vahel\/\">\u00a0kollektsioonist\u00a0 OLLA x Lauri R\u00e4pp \u201cElatud eilsete ja elamata homsete vahel\u201d<\/a><\/p>\n<p><em>K\u00f5ik tuleb ringiga tagasi.<br \/>\n<\/em><em>Ja l\u00e4heb edasi.<br \/>\n<\/em><em>Hea headusena.<br \/>\n<\/em><em>Soe soojusena.<\/em><\/p>\n<p><em>Elu peegeldab alati vastu.<\/em><\/p>\n<p>S\u00f5rmuskee on saadaval Apollo kauplustes \u00fcle Eesti. Vaata saadavust <a href=\"https:\/\/www.apollo.ee\/search?q=hea%20headusena\">SIIT<\/a>.<\/p>\n<p>*****<\/p>\n<p>Kaelakee pikkus on 50 cm ja see on kinnitusaasade abil kantav nelja erineva pikkusega.<br \/>\nS\u00f5rmuse l\u00e4bim\u00f5\u00f5t 17 mm ja 18 mm.<br \/>\nMATERJAL: K\u00f5ik ehted on valmistatud vastupidavast terasest. Kullatooni ehted on kaetud 18K kullaga<\/p>\n","protected":false},"featured_media":80644,"template":"","meta":[],"product_brand":[],"product_cat":[1325,1322,1293],"product_tag":[],"class_list":{"0":"post-80421","1":"product","2":"type-product","3":"status-publish","4":"has-post-thumbnail","6":"product_cat-uus","7":"product_cat-olla-x-lauri-rapp","8":"product_cat-sormused","10":"first","11":"instock","12":"taxable","13":"shipping-taxable","14":"purchasable","15":"product-type-variable"},"_links":{"self":[{"href":"https:\/\/olla.ee\/en\/wp-json\/wp\/v2\/product\/80421","targetHints":{"allow":["GET"]}}],"collection":[{"href":"https:\/\/olla.ee\/en\/wp-json\/wp\/v2\/product"}],"about":[{"href":"https:\/\/olla.ee\/en\/wp-json\/wp\/v2\/types\/product"}],"wp:featuredmedia":[{"embeddable":true,"href":"https:\/\/olla.ee\/en\/wp-json\/wp\/v2\/media\/80644"}],"wp:attachment":[{"href":"https:\/\/olla.ee\/en\/wp-json\/wp\/v2\/media?parent=80421"}],"wp:term":[{"taxonomy":"product_brand","embeddable":true,"href":"https:\/\/olla.ee\/en\/wp-json\/wp\/v2\/product_brand?post=80421"},{"taxonomy":"product_cat","embeddable":true,"href":"https:\/\/olla.ee\/en\/wp-json\/wp\/v2\/product_cat?post=80421"},{"taxonomy":"product_tag","embeddable":true,"href":"https:\/\/olla.ee\/en\/wp-json\/wp\/v2\/product_tag?post=80421"}],"curies":[{"name":"wp","href":"https:\/\/api.w.org\/{rel}","templated":true}]}}