{"id":78618,"date":"2024-04-07T15:29:05","date_gmt":"2024-04-07T13:29:05","guid":{"rendered":"https:\/\/olla.ee\/?post_type=product&#038;p=78618"},"modified":"2026-03-14T14:19:17","modified_gmt":"2026-03-14T12:19:17","slug":"parligakaevoru","status":"publish","type":"product","link":"https:\/\/olla.ee\/en\/toode\/parligakaevoru\/","title":{"rendered":"P\u00c4RLIGA K\u00c4EV\u00d5RU"},"content":{"rendered":"","protected":false},"excerpt":{"rendered":"<div>\n<p>&nbsp;<\/p>\n<p>Kee ripatsi \u00fchel k\u00fcljel on tekst\u00a0 J\u00c4RGNE OMA UNISTUSTELE\u00a0 ja teisel k\u00fcljel igavikuline LOVE.<\/p>\n<p>&gt;&gt; Saadaval: h\u00f5be, kulla ja roosa kulla v\u00e4rvi<\/p>\n<\/div>\n<div><\/div>\n<div><strong><em>&gt;&gt;\u00a0<\/em>Kui kiiresti kaelakee minuni j\u00f5uab?<\/strong>\u00a0\u2013 Tellimused postitame SmartPOSTi ja Omniva pakiautomaatidesse igap\u00e4evaselt. Paki kohalej\u00f5udmine v\u00f5tab 1-2 p\u00e4eva.<\/div>\n<div><\/div>\n<div><\/div>\n","protected":false},"featured_media":78824,"template":"","meta":[],"product_brand":[],"product_cat":[1325,1270,1299],"product_tag":[],"class_list":{"0":"post-78618","1":"product","2":"type-product","3":"status-publish","4":"has-post-thumbnail","6":"product_cat-uus","7":"product_cat-kaevorud","8":"product_cat-parlitega-kaevorud","10":"first","11":"instock","12":"taxable","13":"shipping-taxable","14":"product-type-variable"},"_links":{"self":[{"href":"https:\/\/olla.ee\/en\/wp-json\/wp\/v2\/product\/78618","targetHints":{"allow":["GET"]}}],"collection":[{"href":"https:\/\/olla.ee\/en\/wp-json\/wp\/v2\/product"}],"about":[{"href":"https:\/\/olla.ee\/en\/wp-json\/wp\/v2\/types\/product"}],"wp:featuredmedia":[{"embeddable":true,"href":"https:\/\/olla.ee\/en\/wp-json\/wp\/v2\/media\/78824"}],"wp:attachment":[{"href":"https:\/\/olla.ee\/en\/wp-json\/wp\/v2\/media?parent=78618"}],"wp:term":[{"taxonomy":"product_brand","embeddable":true,"href":"https:\/\/olla.ee\/en\/wp-json\/wp\/v2\/product_brand?post=78618"},{"taxonomy":"product_cat","embeddable":true,"href":"https:\/\/olla.ee\/en\/wp-json\/wp\/v2\/product_cat?post=78618"},{"taxonomy":"product_tag","embeddable":true,"href":"https:\/\/olla.ee\/en\/wp-json\/wp\/v2\/product_tag?post=78618"}],"curies":[{"name":"wp","href":"https:\/\/api.w.org\/{rel}","templated":true}]}}