{"id":78613,"date":"2024-04-07T15:22:00","date_gmt":"2024-04-07T13:22:00","guid":{"rendered":"https:\/\/olla.ee\/?post_type=product&#038;p=78613"},"modified":"2026-02-09T20:58:16","modified_gmt":"2026-02-09T18:58:16","slug":"parlkee","status":"publish","type":"product","link":"https:\/\/olla.ee\/en\/toode\/parlkee\/","title":{"rendered":"P\u00c4RLIGA KAELAKEE"},"content":{"rendered":"","protected":false},"excerpt":{"rendered":"<div>\n<p>Uus lemmik!<br \/>\n\u0160ikk \u00fcksiku\u00a0 mageveep\u00e4rliga kaelakee, ideaalne igap\u00e4evaseks kandmiseks ja pidulikeks puhkudeks.<\/p>\n<p>&gt;&gt; Kaelakee pikkus on 40+5 cm (kolme aasaga pikendatav). Mageveep\u00e4rli suurus 5-6 mm.<\/p>\n<p>&gt;&gt; Saadaval: h\u00f5be, kulla, roosa kulla ja musta v\u00e4rvi. Materjal: roostevaba teras, mis on kriimustus- ja tuhmumiskindel. Ei sisalda niklit ega p\u00f5hjusta allergiat. Kuld ja roosa kuld: kaetud 18K kullaga, h\u00f5be: hoolikalt poleeritud teras, must: kaetud musta kroomiga.<\/p>\n<\/div>\n<div><\/div>\n<div><strong><em>&gt;&gt;\u00a0<\/em>Kui kiiresti kaelakee minuni j\u00f5uab?<\/strong>\u00a0\u2013 Tellimused postitame SmartPOSTi ja Omniva pakiautomaatidesse igap\u00e4evaselt. Paki kohalej\u00f5udmine v\u00f5tab 1-2 p\u00e4eva.<\/div>\n<div><\/div>\n<div><\/div>\n","protected":false},"featured_media":78795,"template":"","meta":[],"product_brand":[],"product_cat":[1340,1325,1271],"product_tag":[],"class_list":{"0":"post-78613","1":"product","2":"type-product","3":"status-publish","4":"has-post-thumbnail","6":"product_cat-koolilopp","7":"product_cat-uus","8":"product_cat-kaelakeed","10":"first","11":"instock","12":"taxable","13":"shipping-taxable","14":"product-type-variable"},"_links":{"self":[{"href":"https:\/\/olla.ee\/en\/wp-json\/wp\/v2\/product\/78613","targetHints":{"allow":["GET"]}}],"collection":[{"href":"https:\/\/olla.ee\/en\/wp-json\/wp\/v2\/product"}],"about":[{"href":"https:\/\/olla.ee\/en\/wp-json\/wp\/v2\/types\/product"}],"wp:featuredmedia":[{"embeddable":true,"href":"https:\/\/olla.ee\/en\/wp-json\/wp\/v2\/media\/78795"}],"wp:attachment":[{"href":"https:\/\/olla.ee\/en\/wp-json\/wp\/v2\/media?parent=78613"}],"wp:term":[{"taxonomy":"product_brand","embeddable":true,"href":"https:\/\/olla.ee\/en\/wp-json\/wp\/v2\/product_brand?post=78613"},{"taxonomy":"product_cat","embeddable":true,"href":"https:\/\/olla.ee\/en\/wp-json\/wp\/v2\/product_cat?post=78613"},{"taxonomy":"product_tag","embeddable":true,"href":"https:\/\/olla.ee\/en\/wp-json\/wp\/v2\/product_tag?post=78613"}],"curies":[{"name":"wp","href":"https:\/\/api.w.org\/{rel}","templated":true}]}}