{"id":78583,"date":"2024-04-03T12:13:22","date_gmt":"2024-04-03T10:13:22","guid":{"rendered":"https:\/\/olla.ee\/?post_type=product&#038;p=78583"},"modified":"2026-04-01T12:23:14","modified_gmt":"2026-04-01T10:23:14","slug":"unistajulgelt","status":"publish","type":"product","link":"https:\/\/olla.ee\/en\/toode\/unistajulgelt\/","title":{"rendered":"J\u00c4RGNE OMA UNISTUSTELE \/ UNISTA JULGELT *"},"content":{"rendered":"","protected":false},"excerpt":{"rendered":"<div>\n<p><em>See kaelakee on saadaval ka Apollo kauplustes \u00fcle Eesti. Vaata saadavust <a href=\"https:\/\/www.apollo.ee\/olla-jargne-oma-unistustele-ripatsiga-kaelakee-h.html\">SIIT<\/a>.<\/em><\/p>\n<p>Kee ripatsi \u00fchel k\u00fcljel on tekst\u00a0 J\u00c4RGNE OMA UNISTUSTELE\u00a0 ja teisel k\u00fcljel UNISTA JULGELT.<\/p>\n<p>&gt;&gt; Saadaval: h\u00f5be, kulla ja roosa kulla v\u00e4rvi<\/p>\n<\/div>\n<div><\/div>\n<div><strong><em>&gt;&gt;\u00a0<\/em>Kui kiiresti kaelakee minuni j\u00f5uab?<\/strong>\u00a0\u2013 Tellimused postitame SmartPOSTi ja Omniva pakiautomaatidesse igap\u00e4evaselt. Paki kohalej\u00f5udmine v\u00f5tab 1-2 p\u00e4eva.<\/div>\n<div><\/div>\n<div><\/div>\n","protected":false},"featured_media":78875,"template":"","meta":[],"product_brand":[],"product_cat":[1340,1343,1325,1271],"product_tag":[],"class_list":{"0":"post-78583","1":"product","2":"type-product","3":"status-publish","4":"has-post-thumbnail","6":"product_cat-koolilopp","7":"product_cat-synna8","8":"product_cat-uus","9":"product_cat-kaelakeed","11":"first","12":"instock","13":"taxable","14":"shipping-taxable","15":"product-type-variable"},"_links":{"self":[{"href":"https:\/\/olla.ee\/en\/wp-json\/wp\/v2\/product\/78583","targetHints":{"allow":["GET"]}}],"collection":[{"href":"https:\/\/olla.ee\/en\/wp-json\/wp\/v2\/product"}],"about":[{"href":"https:\/\/olla.ee\/en\/wp-json\/wp\/v2\/types\/product"}],"wp:featuredmedia":[{"embeddable":true,"href":"https:\/\/olla.ee\/en\/wp-json\/wp\/v2\/media\/78875"}],"wp:attachment":[{"href":"https:\/\/olla.ee\/en\/wp-json\/wp\/v2\/media?parent=78583"}],"wp:term":[{"taxonomy":"product_brand","embeddable":true,"href":"https:\/\/olla.ee\/en\/wp-json\/wp\/v2\/product_brand?post=78583"},{"taxonomy":"product_cat","embeddable":true,"href":"https:\/\/olla.ee\/en\/wp-json\/wp\/v2\/product_cat?post=78583"},{"taxonomy":"product_tag","embeddable":true,"href":"https:\/\/olla.ee\/en\/wp-json\/wp\/v2\/product_tag?post=78583"}],"curies":[{"name":"wp","href":"https:\/\/api.w.org\/{rel}","templated":true}]}}