{"id":78561,"date":"2024-04-01T19:42:12","date_gmt":"2024-04-01T17:42:12","guid":{"rendered":"https:\/\/olla.ee\/?post_type=product&#038;p=78561"},"modified":"2026-02-27T17:43:09","modified_gmt":"2026-02-27T15:43:09","slug":"pildiga-medaljon","status":"publish","type":"product","link":"https:\/\/olla.ee\/en\/toode\/pildiga-medaljon\/","title":{"rendered":"Sinu k\u00e4ekirjaga medaljoniga kaelakee"},"content":{"rendered":"<p>See medaljoniga kaelakee sobib suurep\u00e4raselt t\u00e4henduslikuks kingituseks. Isikup\u00e4rastame medaljoni graveeringuga vastavalt teie soovile \u2013 kirjutage, joonistage, saatke oma soovid vastavalt allolevatele soovitustele \u2193<\/p>\n<p><strong>N\u00e4idise kirjutamine, saatmine:\u00a0 <\/strong>K\u00e4ekirjan\u00e4idis peab olema tume (must v\u00f5i tumesinine marker, vildikas) valgel taustal.<\/p>\n<p>Formaat: PDF-, JPG-, PNG-, BMP-fail.<\/p>\n<p>Nutitelefoni fotod: k\u00f5rge eraldusv\u00f5imega pildid, palume v\u00e4ltida k\u00e4ekirjaga kattuvaid varje. T\u00e4hem\u00e4rkide arv 1-10, palume arvestada sellega, et medaljoni l\u00e4bim\u00f5\u00f5t on 1 cm. <strong>Palume foto saata info@olla.ee<\/strong><\/p>\n<p>T\u00f6\u00f6 teostame lasergraveeringuga 1-2 t\u00f6\u00f6p\u00e4eva jooksul.<\/p>\n<p><strong>M\u00f5\u00f5dud:<\/strong><br \/>\nMedaljon l\u00e4bim\u00f5\u00f5duga 1 cm<br \/>\nKee pikkus 40 + 7 cm. Aasakestega pikendatav.<\/p>\n<p><strong>Materjal, v\u00e4rv:<\/strong><br \/>\nRoostevaba teras, mis on kriimustus- ja tuhmumiskindel. Ei sisalda niklit ega p\u00f5hjusta allergiat. Kuld ja roosa kuld: kaetud 18K kullaga, h\u00f5be: hoolikalt poleeritud teras<\/p>\n","protected":false},"excerpt":{"rendered":"<p>See medaljoniga kaelakee sobib suurep\u00e4raselt t\u00e4henduslikuks kingituseks. Isikup\u00e4rastame medaljoni graveeringuga vastavalt teie soovile \u2013 kirjutage, joonistage, saatke oma soovid vastavalt allolevatele soovitustele \u2193<\/p>\n<p><strong>N\u00e4idise kirjutamine, saatmine:\u00a0 <\/strong>K\u00e4ekirjan\u00e4idis peab olema tume (must v\u00f5i tumesinine marker, vildikas) valgel taustal.<\/p>\n<p><strong>Formaat: PDF-, JPG-, PNG-, BMP-fail. NB! Kui pildi laadimine ei \u00f5nnestu, siis palun saatke fail e-maili aadressile info@olla.ee ja lisage tellimuse number.<\/strong><\/p>\n<p>Nutitelefoni fotod: k\u00f5rge eraldusv\u00f5imega pildid, palume v\u00e4ltida k\u00e4ekirjaga kattuvaid varje. T\u00e4hem\u00e4rkide arv 1-10, palume arvestada sellega, et medaljoni l\u00e4bim\u00f5\u00f5t on 1 cm<\/p>\n<p>T\u00f6\u00f6 teostame lasergraveeringuga 1-2 t\u00f6\u00f6p\u00e4eva jooksul.<\/p>\n<p>&nbsp;<\/p>\n<p><strong>M\u00f5\u00f5dud:<\/strong><br \/>\nMedaljon l\u00e4bim\u00f5\u00f5duga 1 cm<br \/>\nKee pikkus 40 + 7 cm. Aasakestega pikendatav.<\/p>\n<p><strong>\u00a0<\/strong><\/p>\n<p><strong>Materjal, v\u00e4rv:<\/strong><br \/>\nRoostevaba teras, mis on kriimustus- ja tuhmumiskindel. Ei sisalda niklit ega p\u00f5hjusta allergiat. Kuld ja roosa kuld: kaetud 18K kullaga, h\u00f5be: hoolikalt poleeritud teras<\/p>\n","protected":false},"featured_media":78753,"template":"","meta":[],"product_brand":[],"product_cat":[1342,1325,15,1297],"product_tag":[],"class_list":{"0":"post-78561","1":"product","2":"type-product","3":"status-publish","4":"has-post-thumbnail","6":"product_cat-vanavanematepaev2025","7":"product_cat-uus","8":"product_cat-emadepaev","9":"product_cat-oma-sonumiga-ehted","11":"first","12":"instock","13":"taxable","14":"shipping-taxable","15":"purchasable","16":"product-type-variable"},"_links":{"self":[{"href":"https:\/\/olla.ee\/en\/wp-json\/wp\/v2\/product\/78561","targetHints":{"allow":["GET"]}}],"collection":[{"href":"https:\/\/olla.ee\/en\/wp-json\/wp\/v2\/product"}],"about":[{"href":"https:\/\/olla.ee\/en\/wp-json\/wp\/v2\/types\/product"}],"wp:featuredmedia":[{"embeddable":true,"href":"https:\/\/olla.ee\/en\/wp-json\/wp\/v2\/media\/78753"}],"wp:attachment":[{"href":"https:\/\/olla.ee\/en\/wp-json\/wp\/v2\/media?parent=78561"}],"wp:term":[{"taxonomy":"product_brand","embeddable":true,"href":"https:\/\/olla.ee\/en\/wp-json\/wp\/v2\/product_brand?post=78561"},{"taxonomy":"product_cat","embeddable":true,"href":"https:\/\/olla.ee\/en\/wp-json\/wp\/v2\/product_cat?post=78561"},{"taxonomy":"product_tag","embeddable":true,"href":"https:\/\/olla.ee\/en\/wp-json\/wp\/v2\/product_tag?post=78561"}],"curies":[{"name":"wp","href":"https:\/\/api.w.org\/{rel}","templated":true}]}}