{"id":76488,"date":"2023-10-13T11:59:57","date_gmt":"2023-10-13T09:59:57","guid":{"rendered":"https:\/\/olla.ee\/?post_type=product&#038;p=76488"},"modified":"2026-03-09T22:09:27","modified_gmt":"2026-03-09T20:09:27","slug":"maailma-parim_ollake","status":"publish","type":"product","link":"https:\/\/olla.ee\/en\/toode\/maailma-parim_ollake\/","title":{"rendered":"MAAILMA PARIM \/ OLLAke"},"content":{"rendered":"","protected":false},"excerpt":{"rendered":"<p><em><a href=\"https:\/\/olla.ee\/ollake-armsate-sonumitega-ehtekollektsioon-lastele-ja-noortele\/\">OLLAke \u2013 armsate s\u00f5numitega ehtekollektsioon lastele ja noortele<\/a>. <\/em>MAAILMA PARIM k\u00e4ev\u00f5ru on saadaval Apollo kauplustes \u00fcle Eesti, vaata saadavust <a href=\"https:\/\/www.apollo.ee\/olla-kaevoru-maailma-parim-rk.html\">SIIT<\/a>.<\/p>\n<p>******<\/p>\n<p>Laste ja noorte k\u00e4ev\u00f5ru \u00fcmberm\u00f5\u00f5duga 13 cm. K\u00e4ev\u00f5rude suurus on painutusega reguleeritav. Painuta k\u00e4ev\u00f5ru enne iga kandmist just endale parajaks, \u00e4ra muretse, see ei purune<\/p>\n<p>Sobilik suurus 9-16-aastastele.<\/p>\n<p>MATERJAL Roostevaba teras, mis on kriimustus- ja tuhmumiskindel: Ei sisalda niklit ega p\u00f5hjusta allergiat<br \/>\nKuld ja roosa kuld: kaetud 18K kullaga<br \/>\nH\u00f5be: hoolikalt poleeritud teras.<\/p>\n","protected":false},"featured_media":74525,"template":"","meta":[],"product_brand":[],"product_cat":[1336,1291],"product_tag":[],"class_list":{"0":"post-76488","1":"product","2":"type-product","3":"status-publish","4":"has-post-thumbnail","6":"product_cat-sobrapaev","7":"product_cat-ollake","9":"first","10":"instock","11":"taxable","12":"shipping-taxable","13":"product-type-variable"},"_links":{"self":[{"href":"https:\/\/olla.ee\/en\/wp-json\/wp\/v2\/product\/76488","targetHints":{"allow":["GET"]}}],"collection":[{"href":"https:\/\/olla.ee\/en\/wp-json\/wp\/v2\/product"}],"about":[{"href":"https:\/\/olla.ee\/en\/wp-json\/wp\/v2\/types\/product"}],"wp:featuredmedia":[{"embeddable":true,"href":"https:\/\/olla.ee\/en\/wp-json\/wp\/v2\/media\/74525"}],"wp:attachment":[{"href":"https:\/\/olla.ee\/en\/wp-json\/wp\/v2\/media?parent=76488"}],"wp:term":[{"taxonomy":"product_brand","embeddable":true,"href":"https:\/\/olla.ee\/en\/wp-json\/wp\/v2\/product_brand?post=76488"},{"taxonomy":"product_cat","embeddable":true,"href":"https:\/\/olla.ee\/en\/wp-json\/wp\/v2\/product_cat?post=76488"},{"taxonomy":"product_tag","embeddable":true,"href":"https:\/\/olla.ee\/en\/wp-json\/wp\/v2\/product_tag?post=76488"}],"curies":[{"name":"wp","href":"https:\/\/api.w.org\/{rel}","templated":true}]}}