{"id":76452,"date":"2023-10-13T11:01:13","date_gmt":"2023-10-13T09:01:13","guid":{"rendered":"https:\/\/olla.ee\/?post_type=product&#038;p=76452"},"modified":"2025-11-10T20:47:24","modified_gmt":"2025-11-10T18:47:24","slug":"nagutaht_ollakekee","status":"publish","type":"product","link":"https:\/\/olla.ee\/en\/toode\/nagutaht_ollakekee\/","title":{"rendered":"s\u00e4ra nagu t\u00e4ht \/ T\u00e4hekese ikoon \/ OLLAke kaelakee"},"content":{"rendered":"<p>Lastele ja noortele m\u00f5eldud kahepoolselt kantava medaljoni \u00fchel pool on musta t\u00e4idisega t\u00e4hekese ikoon ja teisel pool graveeritud tekst `s\u00e4ra nagu t\u00e4ht\u00b4.<\/p>\n<p>SUURUS:<br \/>\nSobilik suurus 6-15-aastasteleKAELAKEE pikkus on 38 cm ja pikendusaasadega kuni +5 cm. Medaljoni l\u00e4bim\u00f5\u00f5t 1 cm<\/p>\n<p>MATERJAL:<br \/>\nRoostevaba teras, kriimustusja tuhmumiskindel.Ei sisalda niklit ega p\u00f5hjusta allergiatKuld ja roosa kuld: kaetud 18K kullaga. H\u00f5be: hoolikalt poleeritud teras.<\/p>\n","protected":false},"excerpt":{"rendered":"<p><em><a href=\"https:\/\/olla.ee\/ollake-armsate-sonumitega-ehtekollektsioon-lastele-ja-noortele\/\">OLLAke \u2013 armsate s\u00f5numitega ehtekollektsioon lastele ja noortele<\/a>. <\/em>T\u00e4hekese kee on saadaval Apollo kauplustes \u00fcle Eesti, vaata saadavust <a href=\"https:\/\/www.apollo.ee\/olla-kaelakee-sara-nagu-taht-hobe.html\">SIIT<\/a>.<\/p>\n<p>******<br \/>\nLastele ja noortele m\u00f5eldud kahepoolselt kantava medaljoni \u00fchel pool on musta t\u00e4idisega t\u00e4hekese ikoon ja teisel pool graveeritud tekst `s\u00e4ra nagu t\u00e4ht\u00b4.<\/p>\n<p>SUURUS:<br \/>\nSobilik suurus 6-15-aastastele<br \/>\nKaelakee pikkus on 38 cm ja pikendusaasadega kuni +5 cm. Medaljoni l\u00e4bim\u00f5\u00f5t 1 cm.<\/p>\n<p>MATERJAL:<br \/>\nRoostevaba teras, kriimustusja tuhmumiskindel. Ei sisalda niklit ega p\u00f5hjusta allergiat.<br \/>\nKuld ja roosa kuld: kaetud 18K kullaga.<br \/>\nH\u00f5be: hoolikalt poleeritud teras.<\/p>\n","protected":false},"featured_media":76549,"template":"","meta":[],"product_brand":[],"product_cat":[1325,1291],"product_tag":[],"class_list":{"0":"post-76452","1":"product","2":"type-product","3":"status-publish","4":"has-post-thumbnail","6":"product_cat-uus","7":"product_cat-ollake","9":"first","10":"instock","11":"taxable","12":"shipping-taxable","13":"purchasable","14":"product-type-variable"},"_links":{"self":[{"href":"https:\/\/olla.ee\/en\/wp-json\/wp\/v2\/product\/76452","targetHints":{"allow":["GET"]}}],"collection":[{"href":"https:\/\/olla.ee\/en\/wp-json\/wp\/v2\/product"}],"about":[{"href":"https:\/\/olla.ee\/en\/wp-json\/wp\/v2\/types\/product"}],"wp:featuredmedia":[{"embeddable":true,"href":"https:\/\/olla.ee\/en\/wp-json\/wp\/v2\/media\/76549"}],"wp:attachment":[{"href":"https:\/\/olla.ee\/en\/wp-json\/wp\/v2\/media?parent=76452"}],"wp:term":[{"taxonomy":"product_brand","embeddable":true,"href":"https:\/\/olla.ee\/en\/wp-json\/wp\/v2\/product_brand?post=76452"},{"taxonomy":"product_cat","embeddable":true,"href":"https:\/\/olla.ee\/en\/wp-json\/wp\/v2\/product_cat?post=76452"},{"taxonomy":"product_tag","embeddable":true,"href":"https:\/\/olla.ee\/en\/wp-json\/wp\/v2\/product_tag?post=76452"}],"curies":[{"name":"wp","href":"https:\/\/api.w.org\/{rel}","templated":true}]}}