{"id":76448,"date":"2023-10-13T10:53:08","date_gmt":"2023-10-13T08:53:08","guid":{"rendered":"https:\/\/olla.ee\/?post_type=product&#038;p=76448"},"modified":"2026-04-04T08:31:39","modified_gmt":"2026-04-04T06:31:39","slug":"kullake_kee","status":"publish","type":"product","link":"https:\/\/olla.ee\/en\/toode\/kullake_kee\/","title":{"rendered":"kullake \/ S\u00fcdame ikoon \/ OLLAke kaelakee"},"content":{"rendered":"<p>Lastele ja noortele m\u00f5eldud kahepoolselt kantava medaljoni \u00fchel pool on musta t\u00e4idisega s\u00fcdame ikoon ja teisel pool graveeritud tekst \u00b4kullake\u00b4.<\/p>\n<p>SUURUS:<br \/>\nSobilik suurus 6-15-aastasteleKAELAKEE pikkus on 38 cm ja pikendusaasadega kuni +5 cm. Medaljoni l\u00e4bim\u00f5\u00f5t 1 cm<\/p>\n<p>MATERJAL:<br \/>\nRoostevaba teras, kriimustusja tuhmumiskindel.Ei sisalda niklit ega p\u00f5hjusta allergiatKuld ja roosa kuld: kaetud 18K kullaga. H\u00f5be: hoolikalt poleeritud teras.<\/p>\n","protected":false},"excerpt":{"rendered":"<p><em><a href=\"https:\/\/olla.ee\/ollake-armsate-sonumitega-ehtekollektsioon-lastele-ja-noortele\/\">OLLAke \u2013 armsate s\u00f5numitega ehtekollektsioon lastele ja noortele<\/a>. <\/em>Kullakese kee on saadaval Apollo kauplustes \u00fcle Eesti, vaata saadavust <a href=\"https:\/\/www.apollo.ee\/olla-kaelakee-kullake-oled-hobe.html\">SIIT<\/a>.<\/p>\n<p>*****<br \/>\nLastele ja noortele m\u00f5eldud kahepoolselt kantava medaljoni \u00fchel pool on musta t\u00e4idisega s\u00fcdame ikoon ja teisel pool graveeritud tekst \u00b4kullake\u00b4.<\/p>\n<p>SUURUS:<br \/>\nSobilik suurus 6-15-aastastele: Kaelakee pikkus on 38 cm ja pikendusaasadega kuni +5 cm. Medaljoni l\u00e4bim\u00f5\u00f5t 1 cm.<\/p>\n<p>MATERJAL:<br \/>\nRoostevaba teras, kriimustusja tuhmumiskindel. Ei sisalda niklit ega p\u00f5hjusta allergiat:<\/p>\n<p>Kuld ja roosa kuld: kaetud 18K kullaga.<br \/>\nH\u00f5be: hoolikalt poleeritud teras.<\/p>\n","protected":false},"featured_media":76559,"template":"","meta":[],"product_brand":[],"product_cat":[1336,1325,1271,1291],"product_tag":[],"class_list":{"0":"post-76448","1":"product","2":"type-product","3":"status-publish","4":"has-post-thumbnail","6":"product_cat-sobrapaev","7":"product_cat-uus","8":"product_cat-kaelakeed","9":"product_cat-ollake","11":"first","12":"instock","13":"taxable","14":"shipping-taxable","15":"purchasable","16":"product-type-variable"},"_links":{"self":[{"href":"https:\/\/olla.ee\/en\/wp-json\/wp\/v2\/product\/76448","targetHints":{"allow":["GET"]}}],"collection":[{"href":"https:\/\/olla.ee\/en\/wp-json\/wp\/v2\/product"}],"about":[{"href":"https:\/\/olla.ee\/en\/wp-json\/wp\/v2\/types\/product"}],"wp:featuredmedia":[{"embeddable":true,"href":"https:\/\/olla.ee\/en\/wp-json\/wp\/v2\/media\/76559"}],"wp:attachment":[{"href":"https:\/\/olla.ee\/en\/wp-json\/wp\/v2\/media?parent=76448"}],"wp:term":[{"taxonomy":"product_brand","embeddable":true,"href":"https:\/\/olla.ee\/en\/wp-json\/wp\/v2\/product_brand?post=76448"},{"taxonomy":"product_cat","embeddable":true,"href":"https:\/\/olla.ee\/en\/wp-json\/wp\/v2\/product_cat?post=76448"},{"taxonomy":"product_tag","embeddable":true,"href":"https:\/\/olla.ee\/en\/wp-json\/wp\/v2\/product_tag?post=76448"}],"curies":[{"name":"wp","href":"https:\/\/api.w.org\/{rel}","templated":true}]}}