{"id":76438,"date":"2023-10-13T10:45:47","date_gmt":"2023-10-13T08:45:47","guid":{"rendered":"https:\/\/olla.ee\/?post_type=product&#038;p=76438"},"modified":"2026-02-09T18:15:49","modified_gmt":"2026-02-09T16:15:49","slug":"printsessollakekee","status":"publish","type":"product","link":"https:\/\/olla.ee\/en\/toode\/printsessollakekee\/","title":{"rendered":"printsess \/ Krooni ikoon \/ OLLAke kaelakee"},"content":{"rendered":"<p>Lastele ja noortele m\u00f5eldud kahepoolselt kantava medaljoni \u00fchel pool on musta t\u00e4idisega krooni ikoon ja teisel pool graveeritud tekst `printsess\u00b4.<\/p>\n<p>SUURUS:<br \/>\nSobilik suurus 6-15-aastasteleKAELAKEE pikkus on 38 cm ja pikendusaasadega kuni +5 cm. Medaljoni l\u00e4bim\u00f5\u00f5t 1 cm<\/p>\n<p>MATERJAL:<br \/>\nRoostevaba teras, kriimustusja tuhmumiskindel.Ei sisalda niklit ega p\u00f5hjusta allergiatKuld ja roosa kuld: kaetud 18K kullaga. H\u00f5be: hoolikalt poleeritud teras.<\/p>\n","protected":false},"excerpt":{"rendered":"<p><em><a href=\"https:\/\/olla.ee\/ollake-armsate-sonumitega-ehtekollektsioon-lastele-ja-noortele\/\">OLLAke \u2013 armsate s\u00f5numitega ehtekollektsioon lastele ja noortele<\/a>. <\/em>\u00a0Printsessi kee on saadaval Apollo kauplustes \u00fcle Eesti, vaata saadavust <a href=\"https:\/\/www.apollo.ee\/olla-kaelakee-printsess-kuld.html\">SIIT<\/a>.<\/p>\n<p>*****<\/p>\n<p>Lastele ja noortele m\u00f5eldud kahepoolselt kantava medaljoni \u00fchel pool on musta t\u00e4idisega krooni ikoon ja teisel pool graveeritud tekst `printsess\u00b4.<\/p>\n<p>SUURUS:<br \/>\nSobilik suurus 6-15-aastastele. Kaelakee pikkus on 38 cm ja pikendusaasadega kuni +5 cm. Medaljoni l\u00e4bim\u00f5\u00f5t 1 cm.<\/p>\n<p>MATERJAL:<br \/>\nRoostevaba teras, kriimustusja tuhmumiskindel. Ei sisalda niklit ega p\u00f5hjusta allergiat:<br \/>\nKuld ja roosa kuld: kaetud 18K kullaga.<br \/>\nH\u00f5be: hoolikalt poleeritud teras.<\/p>\n","protected":false},"featured_media":76446,"template":"","meta":[],"product_brand":[],"product_cat":[1325,1271,1291],"product_tag":[],"class_list":{"0":"post-76438","1":"product","2":"type-product","3":"status-publish","4":"has-post-thumbnail","6":"product_cat-uus","7":"product_cat-kaelakeed","8":"product_cat-ollake","10":"first","11":"instock","12":"taxable","13":"shipping-taxable","14":"purchasable","15":"product-type-variable"},"_links":{"self":[{"href":"https:\/\/olla.ee\/en\/wp-json\/wp\/v2\/product\/76438","targetHints":{"allow":["GET"]}}],"collection":[{"href":"https:\/\/olla.ee\/en\/wp-json\/wp\/v2\/product"}],"about":[{"href":"https:\/\/olla.ee\/en\/wp-json\/wp\/v2\/types\/product"}],"wp:featuredmedia":[{"embeddable":true,"href":"https:\/\/olla.ee\/en\/wp-json\/wp\/v2\/media\/76446"}],"wp:attachment":[{"href":"https:\/\/olla.ee\/en\/wp-json\/wp\/v2\/media?parent=76438"}],"wp:term":[{"taxonomy":"product_brand","embeddable":true,"href":"https:\/\/olla.ee\/en\/wp-json\/wp\/v2\/product_brand?post=76438"},{"taxonomy":"product_cat","embeddable":true,"href":"https:\/\/olla.ee\/en\/wp-json\/wp\/v2\/product_cat?post=76438"},{"taxonomy":"product_tag","embeddable":true,"href":"https:\/\/olla.ee\/en\/wp-json\/wp\/v2\/product_tag?post=76438"}],"curies":[{"name":"wp","href":"https:\/\/api.w.org\/{rel}","templated":true}]}}