{"id":76430,"date":"2023-10-12T19:42:26","date_gmt":"2023-10-12T17:42:26","guid":{"rendered":"https:\/\/olla.ee\/?post_type=product&#038;p=76430"},"modified":"2026-03-03T16:33:12","modified_gmt":"2026-03-03T14:33:12","slug":"parimsober","status":"publish","type":"product","link":"https:\/\/olla.ee\/en\/toode\/parimsober\/","title":{"rendered":"PARIM S\u00d5BER \/ OLLAke"},"content":{"rendered":"","protected":false},"excerpt":{"rendered":"<p>astele ja noortele m\u00f5eldud p\u00e4rliv\u00f5ru \u00fcmberm\u00f5\u00f5duga 13,5 cm. P\u00e4rleid \u00fchendav kummipael, teeb v\u00f5ru randme j\u00e4rgi reguleeritavaks.<\/p>\n<p>Sobilik suurus 6-12-aastastele:<\/p>\n<p>MATERJAL 4 mm l\u00e4bim\u00f5\u00f5duga v\u00e4rviline mineraalne poolv\u00e4\u00e4riskivi kaltsedon. 30\u00d74 mm plaat on valmistatud roostevabast terasest, kriimustus- ja tuhmumiskindel. Ei sisalda niklit ega p\u00f5hjusta allergiat. Kuld ja roosa kuld: kaetud 18K kullaga H\u00f5be: hoolikalt poleeritud teras.<\/p>\n","protected":false},"featured_media":76492,"template":"","meta":[],"product_brand":[],"product_cat":[1336,1325,1291],"product_tag":[],"class_list":{"0":"post-76430","1":"product","2":"type-product","3":"status-publish","4":"has-post-thumbnail","6":"product_cat-sobrapaev","7":"product_cat-uus","8":"product_cat-ollake","10":"first","11":"instock","12":"taxable","13":"shipping-taxable","14":"product-type-variable"},"_links":{"self":[{"href":"https:\/\/olla.ee\/en\/wp-json\/wp\/v2\/product\/76430","targetHints":{"allow":["GET"]}}],"collection":[{"href":"https:\/\/olla.ee\/en\/wp-json\/wp\/v2\/product"}],"about":[{"href":"https:\/\/olla.ee\/en\/wp-json\/wp\/v2\/types\/product"}],"wp:featuredmedia":[{"embeddable":true,"href":"https:\/\/olla.ee\/en\/wp-json\/wp\/v2\/media\/76492"}],"wp:attachment":[{"href":"https:\/\/olla.ee\/en\/wp-json\/wp\/v2\/media?parent=76430"}],"wp:term":[{"taxonomy":"product_brand","embeddable":true,"href":"https:\/\/olla.ee\/en\/wp-json\/wp\/v2\/product_brand?post=76430"},{"taxonomy":"product_cat","embeddable":true,"href":"https:\/\/olla.ee\/en\/wp-json\/wp\/v2\/product_cat?post=76430"},{"taxonomy":"product_tag","embeddable":true,"href":"https:\/\/olla.ee\/en\/wp-json\/wp\/v2\/product_tag?post=76430"}],"curies":[{"name":"wp","href":"https:\/\/api.w.org\/{rel}","templated":true}]}}