{"id":74693,"date":"2023-04-26T18:58:59","date_gmt":"2023-04-26T16:58:59","guid":{"rendered":"https:\/\/olla.ee\/?post_type=product&#038;p=74693"},"modified":"2026-02-10T13:47:37","modified_gmt":"2026-02-10T11:47:37","slug":"yksjaainus","status":"publish","type":"product","link":"https:\/\/olla.ee\/en\/toode\/yksjaainus\/","title":{"rendered":"\u00dcKS JA AINUS \ud83d\udda4 \/ OLLAke"},"content":{"rendered":"","protected":false},"excerpt":{"rendered":"<p>Lastele ja noortele m\u00f5eldud p\u00e4rliv\u00f5ru \u00fcmberm\u00f5\u00f5duga 13,5 cm. P\u00e4rleid \u00fchendav kummipael, teeb v\u00f5ru randme j\u00e4rgi reguleeritavaks.<\/p>\n<p>Sobilik suurus 6-12-aastastele:<\/p>\n<p>MATERJAL 4 mm l\u00e4bim\u00f5\u00f5duga v\u00e4rviline mineraalne poolv\u00e4\u00e4riskivi kaltsedon. 30\u00d74 mm plaat on valmistatud roostevabast terasest, kriimustus- ja tuhmumiskindel. Ei sisalda niklit ega p\u00f5hjusta allergiat. Kuld ja roosa kuld: kaetud 18K kullaga H\u00f5be: hoolikalt poleeritud teras.<\/p>\n","protected":false},"featured_media":74672,"template":"","meta":[],"product_brand":[],"product_cat":[1325,1291],"product_tag":[],"class_list":{"0":"post-74693","1":"product","2":"type-product","3":"status-publish","4":"has-post-thumbnail","6":"product_cat-uus","7":"product_cat-ollake","9":"first","10":"instock","11":"taxable","12":"shipping-taxable","13":"product-type-variable"},"_links":{"self":[{"href":"https:\/\/olla.ee\/en\/wp-json\/wp\/v2\/product\/74693","targetHints":{"allow":["GET"]}}],"collection":[{"href":"https:\/\/olla.ee\/en\/wp-json\/wp\/v2\/product"}],"about":[{"href":"https:\/\/olla.ee\/en\/wp-json\/wp\/v2\/types\/product"}],"wp:featuredmedia":[{"embeddable":true,"href":"https:\/\/olla.ee\/en\/wp-json\/wp\/v2\/media\/74672"}],"wp:attachment":[{"href":"https:\/\/olla.ee\/en\/wp-json\/wp\/v2\/media?parent=74693"}],"wp:term":[{"taxonomy":"product_brand","embeddable":true,"href":"https:\/\/olla.ee\/en\/wp-json\/wp\/v2\/product_brand?post=74693"},{"taxonomy":"product_cat","embeddable":true,"href":"https:\/\/olla.ee\/en\/wp-json\/wp\/v2\/product_cat?post=74693"},{"taxonomy":"product_tag","embeddable":true,"href":"https:\/\/olla.ee\/en\/wp-json\/wp\/v2\/product_tag?post=74693"}],"curies":[{"name":"wp","href":"https:\/\/api.w.org\/{rel}","templated":true}]}}