{"id":74579,"date":"2023-04-25T12:28:11","date_gmt":"2023-04-25T10:28:11","guid":{"rendered":"https:\/\/olla.ee\/?post_type=product&#038;p=74579"},"modified":"2025-05-06T10:05:10","modified_gmt":"2025-05-06T08:05:10","slug":"age-emps-kee","status":"publish","type":"product","link":"https:\/\/olla.ee\/en\/toode\/age-emps-kee\/","title":{"rendered":"\u00c4GE EMPS \/ igavikulise armastuse m\u00e4rk"},"content":{"rendered":"<div><\/div>\n<p>Kee ripatsi \u00fchel k\u00fcljel on tekst\u00a0 igavikulise armastuse m\u00e4rk ja teisel k\u00fcljel \u00c4GE EMPS + kristallike<\/p>\n<div>\n<p>&gt;&gt; Saadaval: h\u00f5be, kulla ja roosa kulla v\u00e4rvi<\/p>\n<\/div>\n<div><\/div>\n<div><strong><em>&gt;&gt;\u00a0<\/em>Kui kiiresti kaelakee minuni j\u00f5uab?<\/strong>\u00a0\u2013 Tellimused postitame SmartPOSTi ja Omniva pakiautomaatidesse igap\u00e4evaselt. Paki kohalej\u00f5udmine v\u00f5tab 1-2 p\u00e4eva.<\/div>\n","protected":false},"excerpt":{"rendered":"<div>\n<div><\/div>\n<p>&nbsp;<\/p>\n<div>\n<p>Kee ripatsi \u00fchel k\u00fcljel on tekst igavikuline LOVE\u00a0 ja teisel k\u00fcljel \u00c4GE EMPS + kristallike<\/p>\n<\/div>\n<p>&nbsp;<\/p>\n<p>&gt;&gt; Saadaval: h\u00f5be, kulla ja roosa kulla v\u00e4rvi<\/p>\n<\/div>\n<div><\/div>\n<div><strong><em>&gt;&gt;\u00a0<\/em>Kui kiiresti kaelakee minuni j\u00f5uab?<\/strong>\u00a0\u2013 Tellimused postitame SmartPOSTi ja Omniva pakiautomaatidesse igap\u00e4evaselt. Paki kohalej\u00f5udmine v\u00f5tab 1-2 p\u00e4eva.<\/div>\n<div><\/div>\n<div><\/div>\n","protected":false},"featured_media":74583,"template":"","meta":[],"product_brand":[],"product_cat":[15,1271],"product_tag":[],"class_list":{"0":"post-74579","1":"product","2":"type-product","3":"status-publish","4":"has-post-thumbnail","6":"product_cat-emadepaev","7":"product_cat-kaelakeed","9":"first","10":"instock","11":"taxable","12":"shipping-taxable","13":"purchasable","14":"product-type-variable"},"_links":{"self":[{"href":"https:\/\/olla.ee\/en\/wp-json\/wp\/v2\/product\/74579","targetHints":{"allow":["GET"]}}],"collection":[{"href":"https:\/\/olla.ee\/en\/wp-json\/wp\/v2\/product"}],"about":[{"href":"https:\/\/olla.ee\/en\/wp-json\/wp\/v2\/types\/product"}],"wp:featuredmedia":[{"embeddable":true,"href":"https:\/\/olla.ee\/en\/wp-json\/wp\/v2\/media\/74583"}],"wp:attachment":[{"href":"https:\/\/olla.ee\/en\/wp-json\/wp\/v2\/media?parent=74579"}],"wp:term":[{"taxonomy":"product_brand","embeddable":true,"href":"https:\/\/olla.ee\/en\/wp-json\/wp\/v2\/product_brand?post=74579"},{"taxonomy":"product_cat","embeddable":true,"href":"https:\/\/olla.ee\/en\/wp-json\/wp\/v2\/product_cat?post=74579"},{"taxonomy":"product_tag","embeddable":true,"href":"https:\/\/olla.ee\/en\/wp-json\/wp\/v2\/product_tag?post=74579"}],"curies":[{"name":"wp","href":"https:\/\/api.w.org\/{rel}","templated":true}]}}