{"id":74517,"date":"2023-04-23T19:07:14","date_gmt":"2023-04-23T17:07:14","guid":{"rendered":"https:\/\/olla.ee\/?post_type=product&#038;p=74517"},"modified":"2026-04-01T19:33:20","modified_gmt":"2026-04-01T17:33:20","slug":"emme-alati-me-sudames","status":"publish","type":"product","link":"https:\/\/olla.ee\/en\/toode\/emme-alati-me-sudames\/","title":{"rendered":"EMME \/ ALATI ME S\u00dcDAMES"},"content":{"rendered":"<div><\/div>\n<p>Kee ripatsi \u00fchel k\u00fcljel on tekst ALATI ME S\u00dcDAMES ja teisel k\u00fcljel EMME + kristallike<\/p>\n<div>\n<p>&gt;&gt; Saadaval: h\u00f5be, kulla ja roosa kulla v\u00e4rvi<\/p>\n<\/div>\n<div><\/div>\n<div><strong><em>&gt;&gt;\u00a0<\/em>Kui kiiresti kaelakee minuni j\u00f5uab?<\/strong>\u00a0\u2013 Tellimused postitame SmartPOSTi ja Omniva pakiautomaatidesse igap\u00e4evaselt. Paki kohalej\u00f5udmine v\u00f5tab 1-2 p\u00e4eva.<\/div>\n","protected":false},"excerpt":{"rendered":"<div>\n<div><\/div>\n<p>&nbsp;<\/p>\n<div>\n<p>Kee ripatsi \u00fchel k\u00fcljel on tekst ALATI ME S\u00dcDAMES ja teisel k\u00fcljel EMME + kristallike<\/p>\n<\/div>\n<p>&nbsp;<\/p>\n<p>&gt;&gt; Saadaval: h\u00f5be, kulla ja roosa kulla v\u00e4rvi<\/p>\n<\/div>\n<div><\/div>\n<div><strong><em>&gt;&gt;\u00a0<\/em>Kui kiiresti kaelakee minuni j\u00f5uab?<\/strong>\u00a0\u2013 Tellimused postitame SmartPOSTi ja Omniva pakiautomaatidesse igap\u00e4evaselt. Paki kohalej\u00f5udmine v\u00f5tab 1-2 p\u00e4eva.<\/div>\n<div><\/div>\n<div><\/div>\n","protected":false},"featured_media":74558,"template":"","meta":[],"product_brand":[],"product_cat":[15,1271],"product_tag":[],"class_list":{"0":"post-74517","1":"product","2":"type-product","3":"status-publish","4":"has-post-thumbnail","6":"product_cat-emadepaev","7":"product_cat-kaelakeed","9":"first","10":"instock","11":"taxable","12":"shipping-taxable","13":"purchasable","14":"product-type-variable"},"_links":{"self":[{"href":"https:\/\/olla.ee\/en\/wp-json\/wp\/v2\/product\/74517","targetHints":{"allow":["GET"]}}],"collection":[{"href":"https:\/\/olla.ee\/en\/wp-json\/wp\/v2\/product"}],"about":[{"href":"https:\/\/olla.ee\/en\/wp-json\/wp\/v2\/types\/product"}],"wp:featuredmedia":[{"embeddable":true,"href":"https:\/\/olla.ee\/en\/wp-json\/wp\/v2\/media\/74558"}],"wp:attachment":[{"href":"https:\/\/olla.ee\/en\/wp-json\/wp\/v2\/media?parent=74517"}],"wp:term":[{"taxonomy":"product_brand","embeddable":true,"href":"https:\/\/olla.ee\/en\/wp-json\/wp\/v2\/product_brand?post=74517"},{"taxonomy":"product_cat","embeddable":true,"href":"https:\/\/olla.ee\/en\/wp-json\/wp\/v2\/product_cat?post=74517"},{"taxonomy":"product_tag","embeddable":true,"href":"https:\/\/olla.ee\/en\/wp-json\/wp\/v2\/product_tag?post=74517"}],"curies":[{"name":"wp","href":"https:\/\/api.w.org\/{rel}","templated":true}]}}