{"id":74457,"date":"2023-04-20T13:03:17","date_gmt":"2023-04-20T11:03:17","guid":{"rendered":"https:\/\/olla.ee\/?post_type=product&#038;p=74457"},"modified":"2026-02-09T16:21:00","modified_gmt":"2026-02-09T14:21:00","slug":"mpemamage","status":"publish","type":"product","link":"https:\/\/olla.ee\/en\/toode\/mpemamage\/","title":{"rendered":"MAAILMA PARIM EMA mageveep\u00e4rliv\u00f5ru"},"content":{"rendered":"","protected":false},"excerpt":{"rendered":"<p><strong>MAAILMA PARIM EMA k\u00e4ev\u00f5ru on saadaval ka APOLLO kauplustel \u00fcle Eesti. Kontrolli saadavust\u00a0<a href=\"https:\/\/www.apollo.ee\/search?q=maailma%20parim%20ema\">SIIT<\/a>.<\/strong><\/p>\n<p><em>Magevee p\u00e4rlitega k\u00e4ev\u00f5ru sobib imeliselt kandmiseks erinevatel puhkudel erinevate komplektidega! Kanna eraldi v\u00f5i trendikalt kihiti. K\u00e4ev\u00f5rude kinnitused ja pikenduskeed on saadaval kolmes erinevas v\u00e4rvitoonis &#8211; h\u00f5be, kuld ja roosa kuld.<\/em><\/p>\n<p>Magevee p\u00e4rlid 2-3 mm<\/p>\n<p>Materjal: tugev roostevaba teras, mis on kriimu-ja tuhmumiskindel. Ei sisalda niklit, allergiavaba<br \/>\n\u2022 Kulla ja roosa kulla v\u00e4rvi keed on kaetud18kt roosa kullaga. H\u00f5be v\u00e4rvi &#8211; hoolikalt poleeritud teras. Musta v\u00e4rvi on kaetud musta kroomiga.<\/p>\n<p>&nbsp;<\/p>\n<p>&nbsp;<\/p>\n","protected":false},"featured_media":74467,"template":"","meta":[],"product_brand":[],"product_cat":[1325,15,1299],"product_tag":[],"class_list":{"0":"post-74457","1":"product","2":"type-product","3":"status-publish","4":"has-post-thumbnail","6":"product_cat-uus","7":"product_cat-emadepaev","8":"product_cat-parlitega-kaevorud","10":"first","11":"instock","12":"taxable","13":"shipping-taxable","14":"product-type-variable"},"_links":{"self":[{"href":"https:\/\/olla.ee\/en\/wp-json\/wp\/v2\/product\/74457","targetHints":{"allow":["GET"]}}],"collection":[{"href":"https:\/\/olla.ee\/en\/wp-json\/wp\/v2\/product"}],"about":[{"href":"https:\/\/olla.ee\/en\/wp-json\/wp\/v2\/types\/product"}],"wp:featuredmedia":[{"embeddable":true,"href":"https:\/\/olla.ee\/en\/wp-json\/wp\/v2\/media\/74467"}],"wp:attachment":[{"href":"https:\/\/olla.ee\/en\/wp-json\/wp\/v2\/media?parent=74457"}],"wp:term":[{"taxonomy":"product_brand","embeddable":true,"href":"https:\/\/olla.ee\/en\/wp-json\/wp\/v2\/product_brand?post=74457"},{"taxonomy":"product_cat","embeddable":true,"href":"https:\/\/olla.ee\/en\/wp-json\/wp\/v2\/product_cat?post=74457"},{"taxonomy":"product_tag","embeddable":true,"href":"https:\/\/olla.ee\/en\/wp-json\/wp\/v2\/product_tag?post=74457"}],"curies":[{"name":"wp","href":"https:\/\/api.w.org\/{rel}","templated":true}]}}