{"id":74453,"date":"2023-04-20T12:56:14","date_gmt":"2023-04-20T10:56:14","guid":{"rendered":"https:\/\/olla.ee\/?post_type=product&#038;p=74453"},"modified":"2026-02-26T08:56:15","modified_gmt":"2026-02-26T06:56:15","slug":"imelineema","status":"publish","type":"product","link":"https:\/\/olla.ee\/en\/toode\/imelineema\/","title":{"rendered":"IMELINE EMA"},"content":{"rendered":"","protected":false},"excerpt":{"rendered":"<div>\n<p>&gt; Medaljoni l\u00e4bim\u00f5\u00f5t 180 mm. Keti pikkus on 49 cm. Reguleeritav on 3 x 3cm kaupa l\u00fchemaks.<\/p>\n<\/div>\n<p>&gt; Saadaval: h\u00f5be, kulla ja roosa kulla v\u00e4rvi. Materjal roostevaba teras. Ei tekita allergiaid, ei kriimu ega tuhmu.<\/p>\n<p>&gt; Postitame \u00fche kuni kahe t\u00f6\u00f6p\u00e4eva jooksul.<\/p>\n","protected":false},"featured_media":74437,"template":"","meta":[],"product_brand":[],"product_cat":[1325,15,1271],"product_tag":[],"class_list":{"0":"post-74453","1":"product","2":"type-product","3":"status-publish","4":"has-post-thumbnail","6":"product_cat-uus","7":"product_cat-emadepaev","8":"product_cat-kaelakeed","10":"first","11":"instock","12":"taxable","13":"shipping-taxable","14":"product-type-variable"},"_links":{"self":[{"href":"https:\/\/olla.ee\/en\/wp-json\/wp\/v2\/product\/74453","targetHints":{"allow":["GET"]}}],"collection":[{"href":"https:\/\/olla.ee\/en\/wp-json\/wp\/v2\/product"}],"about":[{"href":"https:\/\/olla.ee\/en\/wp-json\/wp\/v2\/types\/product"}],"wp:featuredmedia":[{"embeddable":true,"href":"https:\/\/olla.ee\/en\/wp-json\/wp\/v2\/media\/74437"}],"wp:attachment":[{"href":"https:\/\/olla.ee\/en\/wp-json\/wp\/v2\/media?parent=74453"}],"wp:term":[{"taxonomy":"product_brand","embeddable":true,"href":"https:\/\/olla.ee\/en\/wp-json\/wp\/v2\/product_brand?post=74453"},{"taxonomy":"product_cat","embeddable":true,"href":"https:\/\/olla.ee\/en\/wp-json\/wp\/v2\/product_cat?post=74453"},{"taxonomy":"product_tag","embeddable":true,"href":"https:\/\/olla.ee\/en\/wp-json\/wp\/v2\/product_tag?post=74453"}],"curies":[{"name":"wp","href":"https:\/\/api.w.org\/{rel}","templated":true}]}}