{"id":74393,"date":"2023-04-12T11:52:10","date_gmt":"2023-04-12T09:52:10","guid":{"rendered":"https:\/\/olla.ee\/?post_type=product&#038;p=74393"},"modified":"2024-07-19T12:47:17","modified_gmt":"2024-07-19T10:47:17","slug":"parimemps","status":"publish","type":"product","link":"https:\/\/olla.ee\/en\/toode\/parimemps\/","title":{"rendered":"PARIM EMPS"},"content":{"rendered":"","protected":false},"excerpt":{"rendered":"<div>\n<p>&gt; Medaljoni l\u00e4bim\u00f5\u00f5t 180 mm. Keti pikkus on 49 cm. Reguleeritav on 3 x 3cm kaupa l\u00fchemaks.<\/p>\n<\/div>\n<p>&gt; Saadaval: h\u00f5be, kulla ja roosa kulla v\u00e4rvi. Materjal roostevaba teras. Ei tekita allergiaid, ei kriimu ega tuhmu.<\/p>\n<p>&gt; Postitame \u00fche kuni kahe t\u00f6\u00f6p\u00e4eva jooksul.<\/p>\n","protected":false},"featured_media":74394,"template":"","meta":[],"product_brand":[],"product_cat":[1325,15,1271],"product_tag":[],"class_list":{"0":"post-74393","1":"product","2":"type-product","3":"status-publish","4":"has-post-thumbnail","6":"product_cat-uus","7":"product_cat-emadepaev","8":"product_cat-kaelakeed","10":"first","11":"instock","12":"taxable","13":"shipping-taxable","14":"product-type-variable"},"_links":{"self":[{"href":"https:\/\/olla.ee\/en\/wp-json\/wp\/v2\/product\/74393","targetHints":{"allow":["GET"]}}],"collection":[{"href":"https:\/\/olla.ee\/en\/wp-json\/wp\/v2\/product"}],"about":[{"href":"https:\/\/olla.ee\/en\/wp-json\/wp\/v2\/types\/product"}],"wp:featuredmedia":[{"embeddable":true,"href":"https:\/\/olla.ee\/en\/wp-json\/wp\/v2\/media\/74394"}],"wp:attachment":[{"href":"https:\/\/olla.ee\/en\/wp-json\/wp\/v2\/media?parent=74393"}],"wp:term":[{"taxonomy":"product_brand","embeddable":true,"href":"https:\/\/olla.ee\/en\/wp-json\/wp\/v2\/product_brand?post=74393"},{"taxonomy":"product_cat","embeddable":true,"href":"https:\/\/olla.ee\/en\/wp-json\/wp\/v2\/product_cat?post=74393"},{"taxonomy":"product_tag","embeddable":true,"href":"https:\/\/olla.ee\/en\/wp-json\/wp\/v2\/product_tag?post=74393"}],"curies":[{"name":"wp","href":"https:\/\/api.w.org\/{rel}","templated":true}]}}