{"id":74315,"date":"2023-03-27T14:22:07","date_gmt":"2023-03-27T12:22:07","guid":{"rendered":"https:\/\/olla.ee\/?post_type=product&#038;p=74315"},"modified":"2025-11-28T20:01:37","modified_gmt":"2025-11-28T18:01:37","slug":"mammakee","status":"publish","type":"product","link":"https:\/\/olla.ee\/en\/toode\/mammakee\/","title":{"rendered":"MAMMA \/ ALATI ME S\u00dcDAMES"},"content":{"rendered":"","protected":false},"excerpt":{"rendered":"<div>\n<p>Kee ripatsi \u00fchel k\u00fcljel on tekst MAMMA ja teisel k\u00fcljel ALATI ME S\u00dcDAMES<\/p>\n<p>&gt;&gt; Saadaval: h\u00f5be, kulla ja roosa kulla v\u00e4rvi<\/p>\n<\/div>\n<div><\/div>\n<div><strong><em>&gt;&gt;\u00a0<\/em>Kui kiiresti kaelakee minuni j\u00f5uab?<\/strong>\u00a0\u2013 Tellimused postitame SmartPOSTi ja Omniva pakiautomaatidesse igap\u00e4evaselt. Paki kohalej\u00f5udmine v\u00f5tab 1-2 p\u00e4eva.<\/div>\n<div><\/div>\n<div><\/div>\n","protected":false},"featured_media":74319,"template":"","meta":[],"product_brand":[],"product_cat":[1342,1271],"product_tag":[],"class_list":{"0":"post-74315","1":"product","2":"type-product","3":"status-publish","4":"has-post-thumbnail","6":"product_cat-vanavanematepaev2025","7":"product_cat-kaelakeed","9":"first","10":"instock","11":"taxable","12":"shipping-taxable","13":"product-type-variable"},"_links":{"self":[{"href":"https:\/\/olla.ee\/en\/wp-json\/wp\/v2\/product\/74315","targetHints":{"allow":["GET"]}}],"collection":[{"href":"https:\/\/olla.ee\/en\/wp-json\/wp\/v2\/product"}],"about":[{"href":"https:\/\/olla.ee\/en\/wp-json\/wp\/v2\/types\/product"}],"wp:featuredmedia":[{"embeddable":true,"href":"https:\/\/olla.ee\/en\/wp-json\/wp\/v2\/media\/74319"}],"wp:attachment":[{"href":"https:\/\/olla.ee\/en\/wp-json\/wp\/v2\/media?parent=74315"}],"wp:term":[{"taxonomy":"product_brand","embeddable":true,"href":"https:\/\/olla.ee\/en\/wp-json\/wp\/v2\/product_brand?post=74315"},{"taxonomy":"product_cat","embeddable":true,"href":"https:\/\/olla.ee\/en\/wp-json\/wp\/v2\/product_cat?post=74315"},{"taxonomy":"product_tag","embeddable":true,"href":"https:\/\/olla.ee\/en\/wp-json\/wp\/v2\/product_tag?post=74315"}],"curies":[{"name":"wp","href":"https:\/\/api.w.org\/{rel}","templated":true}]}}