{"id":73618,"date":"2022-12-19T12:36:34","date_gmt":"2022-12-19T10:36:34","guid":{"rendered":"https:\/\/olla.ee\/?post_type=product&#038;p=73618"},"modified":"2026-04-10T10:02:12","modified_gmt":"2026-04-10T08:02:12","slug":"oma-sonumiga-kaevoru","status":"publish","type":"product","link":"https:\/\/olla.ee\/en\/toode\/oma-sonumiga-kaevoru\/","title":{"rendered":"OMA S\u00d5NUMIGA K\u00c4EV\u00d5RU"},"content":{"rendered":"","protected":false},"excerpt":{"rendered":"<p><strong>&gt;<\/strong> OLLA<strong> OMA S\u00d5NUMIGA\u00a0<\/strong>ehete tekstid kantakse v\u00f5rule <strong>lasergraveeringuga<\/strong>. Lasergraveeringu tekst on pindmisem kui meie valmiss\u00f5numitega k\u00e4ev\u00f5rudel.\u00a0 Ent tulemus on kaunis ja korrektne. Lasergraveering v\u00f5imaldab oma s\u00f5numeid kiirelt tellida &#8211; postitame tellimused t\u00f6\u00f6p\u00e4evadel 24 tunni jooksul. <a href=\"https:\/\/vana.olla.ee\/tootekategooria\/kaevorud\/\">Valmiss\u00f5numitega k\u00e4ev\u00f5rud<\/a> on tehtud s\u00fcvagraveeringuga, mis on aegan\u00f5udev protsess ja vajab j\u00e4relt\u00f6\u00f6tlust. Kui soovite oma s\u00f5numiga ja s\u00fcvagraveeringuga ehet on ooteaeg v\u00e4hemalt \u00fcks kuu. S\u00fcvagraveeringuga ehete tellimused palume saata info@olla.ee<\/p>\n<p>NB! Lasergraveeringuga v\u00f5rudel ei saa kivikest teksti l\u00f5ppu lisada. Kivike on k\u00e4ev\u00f5rudel servas olemas.<\/p>\n<p><strong>&gt;&gt;<\/strong>\u00a0OLLA k\u00e4ev\u00f5rude suurus on disainitud sobima k\u00f5igile, v\u00f5ru saab kerge painutamisega teha vastavalt randmele suuremaks v\u00f5i v\u00e4iksemaks. Kandjad armastavad OLLA v\u00f5rusid: meie\u00a0hinne\u00a0<a href=\"https:\/\/www.facebook.com\/pg\/ollaehe\/reviews\/?ref=page_internal\" target=\"_blank\" rel=\"noopener noreferrer\">klientide hinnangul on 5***** viiest<\/a>.<\/p>\n<p><strong><em>&gt;&gt;\u00a0<\/em>Kui kiiresti v\u00f5ru minuni j\u00f5uab?<\/strong>\u00a0\u2013 Tellimused postitame SmartPOSTi ja Omniva pakiautomaatidesse igap\u00e4evaselt. Paki kohalej\u00f5udmine v\u00f5tab 1-2 p\u00e4eva.<\/p>\n<p>&nbsp;<\/p>\n","protected":false},"featured_media":70218,"template":"","meta":[],"product_brand":[],"product_cat":[1340,15,1297],"product_tag":[],"class_list":{"0":"post-73618","1":"product","2":"type-product","3":"status-publish","4":"has-post-thumbnail","6":"product_cat-koolilopp","7":"product_cat-emadepaev","8":"product_cat-oma-sonumiga-ehted","10":"first","11":"instock","12":"taxable","13":"shipping-taxable","14":"product-type-variable"},"_links":{"self":[{"href":"https:\/\/olla.ee\/en\/wp-json\/wp\/v2\/product\/73618","targetHints":{"allow":["GET"]}}],"collection":[{"href":"https:\/\/olla.ee\/en\/wp-json\/wp\/v2\/product"}],"about":[{"href":"https:\/\/olla.ee\/en\/wp-json\/wp\/v2\/types\/product"}],"wp:featuredmedia":[{"embeddable":true,"href":"https:\/\/olla.ee\/en\/wp-json\/wp\/v2\/media\/70218"}],"wp:attachment":[{"href":"https:\/\/olla.ee\/en\/wp-json\/wp\/v2\/media?parent=73618"}],"wp:term":[{"taxonomy":"product_brand","embeddable":true,"href":"https:\/\/olla.ee\/en\/wp-json\/wp\/v2\/product_brand?post=73618"},{"taxonomy":"product_cat","embeddable":true,"href":"https:\/\/olla.ee\/en\/wp-json\/wp\/v2\/product_cat?post=73618"},{"taxonomy":"product_tag","embeddable":true,"href":"https:\/\/olla.ee\/en\/wp-json\/wp\/v2\/product_tag?post=73618"}],"curies":[{"name":"wp","href":"https:\/\/api.w.org\/{rel}","templated":true}]}}