{"id":72782,"date":"2022-11-22T16:27:40","date_gmt":"2022-11-22T14:27:40","guid":{"rendered":"https:\/\/olla.ee\/?post_type=product&#038;p=72782"},"modified":"2026-02-09T16:19:42","modified_gmt":"2026-02-09T14:19:42","slug":"kinkekomplekt","status":"publish","type":"product","link":"https:\/\/olla.ee\/en\/toode\/kinkekomplekt\/","title":{"rendered":"Kinkekomplekt ELATUD EILSETE JA ELAMATA HOMSETE VAHEL"},"content":{"rendered":"","protected":false},"excerpt":{"rendered":"<p>Kinkekomplekti kuulub:<\/p>\n<ul>\n<li>Lauri R\u00e4pi\u00a0 autogrammiga uus raamat <a href=\"https:\/\/kultuur.postimees.ee\/8128912\/armastatud-autor-ullitas-rahva-roomuks-oma-uue-motteraamatu\">\u201cElatud eilsete ja elamata homsete vahel\u201d<\/a><\/li>\n<li>Sinu valitud ehe uuest <a href=\"https:\/\/olla.ee\/lruus\/\">OLLA x Lauri R\u00e4pi kollektsioonist.<\/a><\/li>\n<li>Kui soovid kinkekarpi m\u00f5nda valikust v\u00e4lja j\u00e4\u00e4vat ehet tellida, siis kirjuta m\u00e4rkustesse vastav soov.<\/li>\n<li>must-valge kinkekarp<\/li>\n<\/ul>\n<p>T\u00e4iuslik kingitus perele, s\u00f5brale, kolleegile, kallimale!<\/p>\n","protected":false},"featured_media":81145,"template":"","meta":[],"product_brand":[],"product_cat":[1344,1325,1322],"product_tag":[],"class_list":{"0":"post-72782","1":"product","2":"type-product","3":"status-publish","4":"has-post-thumbnail","6":"product_cat-joulueri","7":"product_cat-uus","8":"product_cat-olla-x-lauri-rapp","10":"first","11":"instock","12":"taxable","13":"shipping-taxable","14":"product-type-variable"},"_links":{"self":[{"href":"https:\/\/olla.ee\/en\/wp-json\/wp\/v2\/product\/72782","targetHints":{"allow":["GET"]}}],"collection":[{"href":"https:\/\/olla.ee\/en\/wp-json\/wp\/v2\/product"}],"about":[{"href":"https:\/\/olla.ee\/en\/wp-json\/wp\/v2\/types\/product"}],"wp:featuredmedia":[{"embeddable":true,"href":"https:\/\/olla.ee\/en\/wp-json\/wp\/v2\/media\/81145"}],"wp:attachment":[{"href":"https:\/\/olla.ee\/en\/wp-json\/wp\/v2\/media?parent=72782"}],"wp:term":[{"taxonomy":"product_brand","embeddable":true,"href":"https:\/\/olla.ee\/en\/wp-json\/wp\/v2\/product_brand?post=72782"},{"taxonomy":"product_cat","embeddable":true,"href":"https:\/\/olla.ee\/en\/wp-json\/wp\/v2\/product_cat?post=72782"},{"taxonomy":"product_tag","embeddable":true,"href":"https:\/\/olla.ee\/en\/wp-json\/wp\/v2\/product_tag?post=72782"}],"curies":[{"name":"wp","href":"https:\/\/api.w.org\/{rel}","templated":true}]}}