{"id":72761,"date":"2022-11-21T20:08:26","date_gmt":"2022-11-21T18:08:26","guid":{"rendered":"https:\/\/olla.ee\/?post_type=product&#038;p=72761"},"modified":"2025-09-22T14:53:02","modified_gmt":"2025-09-22T12:53:02","slug":"alatisinugaplaat","status":"publish","type":"product","link":"https:\/\/olla.ee\/en\/toode\/alatisinugaplaat\/","title":{"rendered":"ALATI SINUGA I plaadiga kaelakee"},"content":{"rendered":"","protected":false},"excerpt":{"rendered":"<p>OLLA ja Goldtime ehete erikollektsioon \u00d5NN ON OLLA.<\/p>\n<p>T\u00e4hendusliku s\u00f5numiga kaelaehe, mida kaunistab v\u00e4\u00e4riskivide kuninganna- teemant! Ideaalne kingitus iseendale v\u00f5i kaaslasele:) Teemandi suurus on 0,014 ct, puhtus VS, v\u00e4rv H. Kaelaehe on reguleeritava pikkusega 43-50 cm.<\/p>\n<p>\u2022 Plaadi suurus 14mm x 20mm<br \/>\n\u2022 Pakitud valgesse kinkekarpi<br \/>\n\u2022 Materjal: tugev roostevaba teras, mis on kriimu-ja tuhmumiskindel. Ei sisalda niklit, allergiavaba<br \/>\n\u2022 Kulla ja roosa kulla v\u00e4rvi keed on kaetud18kt roosa kullaga. H\u00f5be v\u00e4rvi &#8211; hoolikalt poleeritud teras. Musta v\u00e4rvi on kaetud musta kroomiga.<\/p>\n<p>&nbsp;<\/p>\n<p>&nbsp;<\/p>\n","protected":false},"featured_media":72744,"template":"","meta":[],"product_brand":[],"product_cat":[1271,1323],"product_tag":[],"class_list":{"0":"post-72761","1":"product","2":"type-product","3":"status-publish","4":"has-post-thumbnail","6":"product_cat-kaelakeed","7":"product_cat-olla-x-goldtime","9":"first","10":"instock","11":"taxable","12":"shipping-taxable","13":"purchasable","14":"product-type-variable"},"_links":{"self":[{"href":"https:\/\/olla.ee\/en\/wp-json\/wp\/v2\/product\/72761","targetHints":{"allow":["GET"]}}],"collection":[{"href":"https:\/\/olla.ee\/en\/wp-json\/wp\/v2\/product"}],"about":[{"href":"https:\/\/olla.ee\/en\/wp-json\/wp\/v2\/types\/product"}],"wp:featuredmedia":[{"embeddable":true,"href":"https:\/\/olla.ee\/en\/wp-json\/wp\/v2\/media\/72744"}],"wp:attachment":[{"href":"https:\/\/olla.ee\/en\/wp-json\/wp\/v2\/media?parent=72761"}],"wp:term":[{"taxonomy":"product_brand","embeddable":true,"href":"https:\/\/olla.ee\/en\/wp-json\/wp\/v2\/product_brand?post=72761"},{"taxonomy":"product_cat","embeddable":true,"href":"https:\/\/olla.ee\/en\/wp-json\/wp\/v2\/product_cat?post=72761"},{"taxonomy":"product_tag","embeddable":true,"href":"https:\/\/olla.ee\/en\/wp-json\/wp\/v2\/product_tag?post=72761"}],"curies":[{"name":"wp","href":"https:\/\/api.w.org\/{rel}","templated":true}]}}