{"id":72699,"date":"2022-11-21T18:37:05","date_gmt":"2022-11-21T16:37:05","guid":{"rendered":"https:\/\/olla.ee\/?post_type=product&#038;p=72699"},"modified":"2023-02-01T17:31:46","modified_gmt":"2023-02-01T15:31:46","slug":"poissripats","status":"publish","type":"product","link":"https:\/\/olla.ee\/en\/toode\/poissripats\/","title":{"rendered":"POISS ripats"},"content":{"rendered":"","protected":false},"excerpt":{"rendered":"<p>OLLA ja Goldtime ehete erikollektsioon \u00d5NN ON OLLA.<\/p>\n<p>Terasest medaljoni kaunistab eriline ja t\u00e4henduslik s\u00fcmbol. Ideaalne kingitus iseendale v\u00f5i oma l\u00e4hedasele.<\/p>\n<p>Leia ripatsile sobiv baaskee <a href=\"https:\/\/olla.ee\/baaskaelakee\">SIIT<\/a>.<\/p>\n<p>Meie e-poes kehtib automaatne soodustus alates teisest tootest -10%, alates kolmandast -20%.<\/p>\n<p>\u2022 Suurus 10 mm x 10mm<br \/>\n\u2022 Pakitud valgesse kinkekarpi<br \/>\n\u2022 Materjal: tugev roostevaba teras, mis on kriimu-ja tuhmumiskindel. Ei sisalda niklit, allergiavaba<br \/>\n\u2022 Kulla ja roosa kulla v\u00e4rvi keed on kaetud18kt roosa kullaga. H\u00f5be v\u00e4rvi &#8211; hoolikalt poleeritud teras. Musta v\u00e4rvi on kaetud musta kroomiga.<\/p>\n<p>&nbsp;<\/p>\n<p>&nbsp;<\/p>\n","protected":false},"featured_media":72525,"template":"","meta":[],"product_brand":[],"product_cat":[1327,1323],"product_tag":[],"class_list":{"0":"post-72699","1":"product","2":"type-product","3":"status-publish","4":"has-post-thumbnail","6":"product_cat-medaljon-ripatsid-olla-x-goldtime","7":"product_cat-olla-x-goldtime","9":"first","10":"instock","11":"taxable","12":"shipping-taxable","13":"product-type-variable"},"_links":{"self":[{"href":"https:\/\/olla.ee\/en\/wp-json\/wp\/v2\/product\/72699","targetHints":{"allow":["GET"]}}],"collection":[{"href":"https:\/\/olla.ee\/en\/wp-json\/wp\/v2\/product"}],"about":[{"href":"https:\/\/olla.ee\/en\/wp-json\/wp\/v2\/types\/product"}],"wp:featuredmedia":[{"embeddable":true,"href":"https:\/\/olla.ee\/en\/wp-json\/wp\/v2\/media\/72525"}],"wp:attachment":[{"href":"https:\/\/olla.ee\/en\/wp-json\/wp\/v2\/media?parent=72699"}],"wp:term":[{"taxonomy":"product_brand","embeddable":true,"href":"https:\/\/olla.ee\/en\/wp-json\/wp\/v2\/product_brand?post=72699"},{"taxonomy":"product_cat","embeddable":true,"href":"https:\/\/olla.ee\/en\/wp-json\/wp\/v2\/product_cat?post=72699"},{"taxonomy":"product_tag","embeddable":true,"href":"https:\/\/olla.ee\/en\/wp-json\/wp\/v2\/product_tag?post=72699"}],"curies":[{"name":"wp","href":"https:\/\/api.w.org\/{rel}","templated":true}]}}