{"id":72640,"date":"2022-11-21T16:13:16","date_gmt":"2022-11-21T14:13:16","guid":{"rendered":"https:\/\/olla.ee\/?post_type=product&#038;p=72640"},"modified":"2026-03-09T13:00:13","modified_gmt":"2026-03-09T11:00:13","slug":"mageparlikaevoru","status":"publish","type":"product","link":"https:\/\/olla.ee\/en\/toode\/mageparlikaevoru\/","title":{"rendered":"ARMASTA S\u00c4RA TEGUTSE mageveep\u00e4rliv\u00f5ru"},"content":{"rendered":"","protected":false},"excerpt":{"rendered":"<p><em>Magevee p\u00e4rlitega k\u00e4ev\u00f5ru sobib imeliselt kandmiseks erinevatel puhkudel erinevate komplektidega! Kanna eraldi v\u00f5i trendikalt kihiti. K\u00e4ev\u00f5rude kinnitused ja pikenduskeed on saadaval kolmes erinevas v\u00e4rvitoonis &#8211; h\u00f5be, kuld ja roosa kuld.<\/em><\/p>\n<p>Magevee p\u00e4rlid 2-3 mm<\/p>\n<p>Materjal: tugev roostevaba teras, mis on kriimu-ja tuhmumiskindel. Ei sisalda niklit, allergiavaba<br \/>\n\u2022 Kulla ja roosa kulla v\u00e4rvi keed on kaetud18kt roosa kullaga. H\u00f5be v\u00e4rvi &#8211; hoolikalt poleeritud teras. Musta v\u00e4rvi on kaetud musta kroomiga.<\/p>\n<p>&nbsp;<\/p>\n<p>&nbsp;<\/p>\n","protected":false},"featured_media":77075,"template":"","meta":[],"product_brand":[],"product_cat":[1325,1299],"product_tag":[],"class_list":{"0":"post-72640","1":"product","2":"type-product","3":"status-publish","4":"has-post-thumbnail","6":"product_cat-uus","7":"product_cat-parlitega-kaevorud","9":"first","10":"instock","11":"taxable","12":"shipping-taxable","13":"product-type-variable"},"_links":{"self":[{"href":"https:\/\/olla.ee\/en\/wp-json\/wp\/v2\/product\/72640","targetHints":{"allow":["GET"]}}],"collection":[{"href":"https:\/\/olla.ee\/en\/wp-json\/wp\/v2\/product"}],"about":[{"href":"https:\/\/olla.ee\/en\/wp-json\/wp\/v2\/types\/product"}],"wp:featuredmedia":[{"embeddable":true,"href":"https:\/\/olla.ee\/en\/wp-json\/wp\/v2\/media\/77075"}],"wp:attachment":[{"href":"https:\/\/olla.ee\/en\/wp-json\/wp\/v2\/media?parent=72640"}],"wp:term":[{"taxonomy":"product_brand","embeddable":true,"href":"https:\/\/olla.ee\/en\/wp-json\/wp\/v2\/product_brand?post=72640"},{"taxonomy":"product_cat","embeddable":true,"href":"https:\/\/olla.ee\/en\/wp-json\/wp\/v2\/product_cat?post=72640"},{"taxonomy":"product_tag","embeddable":true,"href":"https:\/\/olla.ee\/en\/wp-json\/wp\/v2\/product_tag?post=72640"}],"curies":[{"name":"wp","href":"https:\/\/api.w.org\/{rel}","templated":true}]}}