{"id":72633,"date":"2022-11-21T15:07:43","date_gmt":"2022-11-21T13:07:43","guid":{"rendered":"https:\/\/olla.ee\/?post_type=product&#038;p=72633"},"modified":"2026-02-04T10:14:09","modified_gmt":"2026-02-04T08:14:09","slug":"baaskeemparlid","status":"publish","type":"product","link":"https:\/\/olla.ee\/en\/toode\/baaskeemparlid\/","title":{"rendered":"MAGEVEEP\u00c4RLIKEE"},"content":{"rendered":"","protected":false},"excerpt":{"rendered":"<p><em>Mageveep\u00e4rlitega kaelakee on imeliseks kandmiseks erinevatel puhkudel erinevate komplektidega! Kanna eraldi v\u00f5i trendikalt kihiti. Kinnitame, et tegemist on Su uue lemmikuga, mis saab palju komplimente;) Kaelakeede kinnitused ja pikenduskeed on saadaval neljas erinevas v\u00e4rvitoonis &#8211; h\u00f5be, kuld, roosa kuld ja must.<\/em><\/p>\n<p>Kaelakee pikkus: 38 cm + 5cm pikendusega<br \/>\nMagevee p\u00e4rlid 2-3 mm<\/p>\n<p>Kaelakeee on pakitud ehtekarpi ja on kohe valmis kinkimiseks.<\/p>\n<p>Materjal: tugev roostevaba teras, mis on kriimu-ja tuhmumiskindel. Ei sisalda niklit, allergiavaba<br \/>\n\u2022 Kulla ja roosa kulla v\u00e4rvi keed on kaetud18kt roosa kullaga. H\u00f5be v\u00e4rvi &#8211; hoolikalt poleeritud teras. Musta v\u00e4rvi on kaetud musta kroomiga.<\/p>\n<p>&nbsp;<\/p>\n<p>&nbsp;<\/p>\n","protected":false},"featured_media":72638,"template":"","meta":[],"product_brand":[],"product_cat":[1325,1271],"product_tag":[],"class_list":{"0":"post-72633","1":"product","2":"type-product","3":"status-publish","4":"has-post-thumbnail","6":"product_cat-uus","7":"product_cat-kaelakeed","9":"first","10":"instock","11":"taxable","12":"shipping-taxable","13":"product-type-variable"},"_links":{"self":[{"href":"https:\/\/olla.ee\/en\/wp-json\/wp\/v2\/product\/72633","targetHints":{"allow":["GET"]}}],"collection":[{"href":"https:\/\/olla.ee\/en\/wp-json\/wp\/v2\/product"}],"about":[{"href":"https:\/\/olla.ee\/en\/wp-json\/wp\/v2\/types\/product"}],"wp:featuredmedia":[{"embeddable":true,"href":"https:\/\/olla.ee\/en\/wp-json\/wp\/v2\/media\/72638"}],"wp:attachment":[{"href":"https:\/\/olla.ee\/en\/wp-json\/wp\/v2\/media?parent=72633"}],"wp:term":[{"taxonomy":"product_brand","embeddable":true,"href":"https:\/\/olla.ee\/en\/wp-json\/wp\/v2\/product_brand?post=72633"},{"taxonomy":"product_cat","embeddable":true,"href":"https:\/\/olla.ee\/en\/wp-json\/wp\/v2\/product_cat?post=72633"},{"taxonomy":"product_tag","embeddable":true,"href":"https:\/\/olla.ee\/en\/wp-json\/wp\/v2\/product_tag?post=72633"}],"curies":[{"name":"wp","href":"https:\/\/api.w.org\/{rel}","templated":true}]}}