{"id":72628,"date":"2022-11-21T15:02:56","date_gmt":"2022-11-21T13:02:56","guid":{"rendered":"https:\/\/olla.ee\/?post_type=product&#038;p=72628"},"modified":"2026-02-26T13:18:02","modified_gmt":"2026-02-26T11:18:02","slug":"baaskaelakeemummu","status":"publish","type":"product","link":"https:\/\/olla.ee\/en\/toode\/baaskaelakeemummu\/","title":{"rendered":"BAASKAELAKEE MUMMU"},"content":{"rendered":"","protected":false},"excerpt":{"rendered":"<p><em>Baaskaelakee annab Sulle v\u00f5imaluse kombineerida koos meie <a href=\"https:\/\/olla.ee\/tootekategooria\/medaljon-ripatsid-olla-x-goldtime\/\">ripats-medaljonidega<\/a> isikup\u00e4rase kaelakee!<\/em><\/p>\n<p>Kaelakee pikkus: 41 cm + 7cm pikendus (v\u00f5imalus kanda nelja erineva pikkusega)<\/p>\n<p>Kaelakeee on pakitud ehtekarpi ja on kohe valmis kinkimiseks.<\/p>\n<p>Materjal: tugev roostevaba teras, mis on kriimu-ja tuhmumiskindel. Ei sisalda niklit, allergiavaba<br \/>\n\u2022 Kulla ja roosa kulla v\u00e4rvi keed on kaetud18kt roosa kullaga. H\u00f5be v\u00e4rvi &#8211; hoolikalt poleeritud teras. Musta v\u00e4rvi on kaetud musta kroomiga.<\/p>\n<p>&nbsp;<\/p>\n<p>&nbsp;<\/p>\n","protected":false},"featured_media":73240,"template":"","meta":[],"product_brand":[],"product_cat":[1325,1271],"product_tag":[],"class_list":{"0":"post-72628","1":"product","2":"type-product","3":"status-publish","4":"has-post-thumbnail","6":"product_cat-uus","7":"product_cat-kaelakeed","9":"first","10":"instock","11":"taxable","12":"shipping-taxable","13":"product-type-variable"},"_links":{"self":[{"href":"https:\/\/olla.ee\/en\/wp-json\/wp\/v2\/product\/72628","targetHints":{"allow":["GET"]}}],"collection":[{"href":"https:\/\/olla.ee\/en\/wp-json\/wp\/v2\/product"}],"about":[{"href":"https:\/\/olla.ee\/en\/wp-json\/wp\/v2\/types\/product"}],"wp:featuredmedia":[{"embeddable":true,"href":"https:\/\/olla.ee\/en\/wp-json\/wp\/v2\/media\/73240"}],"wp:attachment":[{"href":"https:\/\/olla.ee\/en\/wp-json\/wp\/v2\/media?parent=72628"}],"wp:term":[{"taxonomy":"product_brand","embeddable":true,"href":"https:\/\/olla.ee\/en\/wp-json\/wp\/v2\/product_brand?post=72628"},{"taxonomy":"product_cat","embeddable":true,"href":"https:\/\/olla.ee\/en\/wp-json\/wp\/v2\/product_cat?post=72628"},{"taxonomy":"product_tag","embeddable":true,"href":"https:\/\/olla.ee\/en\/wp-json\/wp\/v2\/product_tag?post=72628"}],"curies":[{"name":"wp","href":"https:\/\/api.w.org\/{rel}","templated":true}]}}