{"id":72454,"date":"2022-11-16T16:23:54","date_gmt":"2022-11-16T14:23:54","guid":{"rendered":"https:\/\/olla.ee\/?post_type=product&#038;p=72454"},"modified":"2026-04-05T17:56:22","modified_gmt":"2026-04-05T15:56:22","slug":"kuunijaeikunagi","status":"publish","type":"product","link":"https:\/\/olla.ee\/en\/toode\/kuunijaeikunagi\/","title":{"rendered":"KUUNI JA EI KUNAGI TAGASI \/ X LAURI R\u00c4PP KOLLEKTSIOON"},"content":{"rendered":"","protected":false},"excerpt":{"rendered":"<p>KUUNI JA EI KUNAGI TAGASI k\u00e4ev\u00f5rud on saadaval ka APOLLO kauplustes \u00fcle Eesti. Kontrolli saadavust <a href=\"https:\/\/www.apollo.ee\/search?q=KUUNI%20JA%20EI%20KUNAGI\">SIIT<\/a>.<\/p>\n<p>Armastan Sind KUUNI JA EI KUNAGI TAGASI<\/p>\n<p>OLLA x Lauri R\u00e4pp kollektsioonist loe l\u00e4hemalt <a href=\"https:\/\/olla.ee\/laurirappblog\/\">SIIT.<\/a><\/p>\n<p>*****<\/p>\n<p><strong>&gt;&gt;<\/strong> OLLA k\u00e4ev\u00f5rude suurus on disainitud sobima k\u00f5igile, v\u00f5ru saab kerge painutamisega teha vastavalt randmele suuremaks v\u00f5i v\u00e4iksemaks. Kandjad armastavad OLLA v\u00f5rusid: meie\u00a0hinne\u00a0<a href=\"https:\/\/www.facebook.com\/pg\/ollaehe\/reviews\/?ref=page_internal\" target=\"_blank\" rel=\"noopener noreferrer\">klientide hinnangul on 5***** viiest<\/a>.<\/p>\n<p><strong><em>&gt;&gt;\u00a0<\/em>Kui kiiresti v\u00f5ru minuni j\u00f5uab?<\/strong> &#8211; Tellimused postitame SmartPOSTi, DPD ja Omniva pakiautomaatidesse igap\u00e4evaselt. Paki kohalej\u00f5udmine v\u00f5tab 1-2 p\u00e4eva.<\/p>\n","protected":false},"featured_media":72031,"template":"","meta":[],"product_brand":[],"product_cat":[1337,1336,15,1270,1322],"product_tag":[],"class_list":{"0":"post-72454","1":"product","2":"type-product","3":"status-publish","4":"has-post-thumbnail","6":"product_cat-naistepaev","7":"product_cat-sobrapaev","8":"product_cat-emadepaev","9":"product_cat-kaevorud","10":"product_cat-olla-x-lauri-rapp","12":"first","13":"instock","14":"sale","15":"taxable","16":"shipping-taxable","17":"product-type-variable"},"_links":{"self":[{"href":"https:\/\/olla.ee\/en\/wp-json\/wp\/v2\/product\/72454","targetHints":{"allow":["GET"]}}],"collection":[{"href":"https:\/\/olla.ee\/en\/wp-json\/wp\/v2\/product"}],"about":[{"href":"https:\/\/olla.ee\/en\/wp-json\/wp\/v2\/types\/product"}],"wp:featuredmedia":[{"embeddable":true,"href":"https:\/\/olla.ee\/en\/wp-json\/wp\/v2\/media\/72031"}],"wp:attachment":[{"href":"https:\/\/olla.ee\/en\/wp-json\/wp\/v2\/media?parent=72454"}],"wp:term":[{"taxonomy":"product_brand","embeddable":true,"href":"https:\/\/olla.ee\/en\/wp-json\/wp\/v2\/product_brand?post=72454"},{"taxonomy":"product_cat","embeddable":true,"href":"https:\/\/olla.ee\/en\/wp-json\/wp\/v2\/product_cat?post=72454"},{"taxonomy":"product_tag","embeddable":true,"href":"https:\/\/olla.ee\/en\/wp-json\/wp\/v2\/product_tag?post=72454"}],"curies":[{"name":"wp","href":"https:\/\/api.w.org\/{rel}","templated":true}]}}