{"id":72337,"date":"2022-11-11T13:53:36","date_gmt":"2022-11-11T11:53:36","guid":{"rendered":"https:\/\/olla.ee\/?post_type=product&#038;p=72337"},"modified":"2025-12-13T14:48:01","modified_gmt":"2025-12-13T12:48:01","slug":"korvarongad-maxi-teemant","status":"publish","type":"product","link":"https:\/\/olla.ee\/en\/toode\/korvarongad-maxi-teemant\/","title":{"rendered":"k\u00f5rvar\u00f5ngad MAXI teemant"},"content":{"rendered":"","protected":false},"excerpt":{"rendered":"<p>Goldtime\u00b4i ja Olla ehete erikollektsioon \u00d5NN ON OLLA. Terasest 18kt roosa kullaga kaetud k\u00f5rvar\u00f5ngad on igap\u00e4evaseks kandmiseks ideaalsed kaaslased. Stiilseid k\u00f5rvar\u00f5ngaid kaunistavad 2 teemanti. Teemantide suurus 2*0,014 ct ja puhtus on VS-Si1<\/p>\n<p>Suurus 3mm x30mm<\/p>\n","protected":false},"featured_media":72342,"template":"","meta":[],"product_brand":[],"product_cat":[1323,1324],"product_tag":[],"class_list":{"0":"post-72337","1":"product","2":"type-product","3":"status-publish","4":"has-post-thumbnail","6":"product_cat-olla-x-goldtime","7":"product_cat-korvarongad","9":"first","10":"instock","11":"taxable","12":"shipping-taxable","13":"product-type-variable"},"_links":{"self":[{"href":"https:\/\/olla.ee\/en\/wp-json\/wp\/v2\/product\/72337","targetHints":{"allow":["GET"]}}],"collection":[{"href":"https:\/\/olla.ee\/en\/wp-json\/wp\/v2\/product"}],"about":[{"href":"https:\/\/olla.ee\/en\/wp-json\/wp\/v2\/types\/product"}],"wp:featuredmedia":[{"embeddable":true,"href":"https:\/\/olla.ee\/en\/wp-json\/wp\/v2\/media\/72342"}],"wp:attachment":[{"href":"https:\/\/olla.ee\/en\/wp-json\/wp\/v2\/media?parent=72337"}],"wp:term":[{"taxonomy":"product_brand","embeddable":true,"href":"https:\/\/olla.ee\/en\/wp-json\/wp\/v2\/product_brand?post=72337"},{"taxonomy":"product_cat","embeddable":true,"href":"https:\/\/olla.ee\/en\/wp-json\/wp\/v2\/product_cat?post=72337"},{"taxonomy":"product_tag","embeddable":true,"href":"https:\/\/olla.ee\/en\/wp-json\/wp\/v2\/product_tag?post=72337"}],"curies":[{"name":"wp","href":"https:\/\/api.w.org\/{rel}","templated":true}]}}