{"id":72322,"date":"2022-11-11T13:45:03","date_gmt":"2022-11-11T11:45:03","guid":{"rendered":"https:\/\/olla.ee\/?post_type=product&#038;p=72322"},"modified":"2026-02-13T09:37:41","modified_gmt":"2026-02-13T07:37:41","slug":"ymar","status":"publish","type":"product","link":"https:\/\/olla.ee\/en\/toode\/ymar\/","title":{"rendered":"k\u00f5rvar\u00f5ngad \u00dcMAR"},"content":{"rendered":"","protected":false},"excerpt":{"rendered":"<p>Olla ehete ja Goldtime erikollektsioon \u00d5NN ON OLLA.<\/p>\n<p>Terasest 18kt roosa kullaga kaetud k\u00f5rvar\u00f5ngad on igap\u00e4evaseks kandmiseks ideaalsed kaaslased.<\/p>\n<p>L\u00e4bim\u00f5\u00f5t 12 mm<\/p>\n","protected":false},"featured_media":72327,"template":"","meta":[],"product_brand":[],"product_cat":[1323,1324],"product_tag":[],"class_list":{"0":"post-72322","1":"product","2":"type-product","3":"status-publish","4":"has-post-thumbnail","6":"product_cat-olla-x-goldtime","7":"product_cat-korvarongad","9":"first","10":"instock","11":"taxable","12":"shipping-taxable","13":"product-type-variable"},"_links":{"self":[{"href":"https:\/\/olla.ee\/en\/wp-json\/wp\/v2\/product\/72322","targetHints":{"allow":["GET"]}}],"collection":[{"href":"https:\/\/olla.ee\/en\/wp-json\/wp\/v2\/product"}],"about":[{"href":"https:\/\/olla.ee\/en\/wp-json\/wp\/v2\/types\/product"}],"wp:featuredmedia":[{"embeddable":true,"href":"https:\/\/olla.ee\/en\/wp-json\/wp\/v2\/media\/72327"}],"wp:attachment":[{"href":"https:\/\/olla.ee\/en\/wp-json\/wp\/v2\/media?parent=72322"}],"wp:term":[{"taxonomy":"product_brand","embeddable":true,"href":"https:\/\/olla.ee\/en\/wp-json\/wp\/v2\/product_brand?post=72322"},{"taxonomy":"product_cat","embeddable":true,"href":"https:\/\/olla.ee\/en\/wp-json\/wp\/v2\/product_cat?post=72322"},{"taxonomy":"product_tag","embeddable":true,"href":"https:\/\/olla.ee\/en\/wp-json\/wp\/v2\/product_tag?post=72322"}],"curies":[{"name":"wp","href":"https:\/\/api.w.org\/{rel}","templated":true}]}}