{"id":72307,"date":"2022-11-11T13:33:59","date_gmt":"2022-11-11T11:33:59","guid":{"rendered":"https:\/\/olla.ee\/?post_type=product&#038;p=72307"},"modified":"2026-03-07T00:47:29","modified_gmt":"2026-03-06T22:47:29","slug":"korvarongad-mini","status":"publish","type":"product","link":"https:\/\/olla.ee\/en\/toode\/korvarongad-mini\/","title":{"rendered":"k\u00f5rvar\u00f5ngad MINI"},"content":{"rendered":"","protected":false},"excerpt":{"rendered":"<p>Olla ehete ja Goldtime erikollektsioon \u00d5NN ON OLLA.<\/p>\n<p>Terasest 18kt roosa kullaga kaetud k\u00f5rvar\u00f5ngad on igap\u00e4evaseks kandmiseks ideaalsed kaaslased.<\/p>\n<p>Suurus 3mm x 3 mm<\/p>\n","protected":false},"featured_media":72312,"template":"","meta":[],"product_brand":[],"product_cat":[1323,1324],"product_tag":[],"class_list":{"0":"post-72307","1":"product","2":"type-product","3":"status-publish","4":"has-post-thumbnail","6":"product_cat-olla-x-goldtime","7":"product_cat-korvarongad","9":"first","10":"instock","11":"taxable","12":"shipping-taxable","13":"purchasable","14":"product-type-variable"},"_links":{"self":[{"href":"https:\/\/olla.ee\/en\/wp-json\/wp\/v2\/product\/72307","targetHints":{"allow":["GET"]}}],"collection":[{"href":"https:\/\/olla.ee\/en\/wp-json\/wp\/v2\/product"}],"about":[{"href":"https:\/\/olla.ee\/en\/wp-json\/wp\/v2\/types\/product"}],"wp:featuredmedia":[{"embeddable":true,"href":"https:\/\/olla.ee\/en\/wp-json\/wp\/v2\/media\/72312"}],"wp:attachment":[{"href":"https:\/\/olla.ee\/en\/wp-json\/wp\/v2\/media?parent=72307"}],"wp:term":[{"taxonomy":"product_brand","embeddable":true,"href":"https:\/\/olla.ee\/en\/wp-json\/wp\/v2\/product_brand?post=72307"},{"taxonomy":"product_cat","embeddable":true,"href":"https:\/\/olla.ee\/en\/wp-json\/wp\/v2\/product_cat?post=72307"},{"taxonomy":"product_tag","embeddable":true,"href":"https:\/\/olla.ee\/en\/wp-json\/wp\/v2\/product_tag?post=72307"}],"curies":[{"name":"wp","href":"https:\/\/api.w.org\/{rel}","templated":true}]}}