{"id":72292,"date":"2022-11-11T13:21:32","date_gmt":"2022-11-11T11:21:32","guid":{"rendered":"https:\/\/olla.ee\/?post_type=product&#038;p=72292"},"modified":"2026-04-07T17:31:31","modified_gmt":"2026-04-07T15:31:31","slug":"midi","status":"publish","type":"product","link":"https:\/\/olla.ee\/en\/toode\/midi\/","title":{"rendered":"k\u00f5rvar\u00f5ngad MIDI"},"content":{"rendered":"","protected":false},"excerpt":{"rendered":"<p>Olla ehete ja Goldtime erikollektsioon \u00d5NN ON OLLA.<\/p>\n<p>Terasest 18kt roosa kullaga kaetud k\u00f5rvar\u00f5ngad on igap\u00e4evaseks kandmiseks ideaalsed kaaslased.<\/p>\n<p>Suurus 3mm x 13 mm<\/p>\n","protected":false},"featured_media":72297,"template":"","meta":[],"product_brand":[],"product_cat":[1343,1323,1324],"product_tag":[],"class_list":{"0":"post-72292","1":"product","2":"type-product","3":"status-publish","4":"has-post-thumbnail","6":"product_cat-synna8","7":"product_cat-olla-x-goldtime","8":"product_cat-korvarongad","10":"first","11":"instock","12":"taxable","13":"shipping-taxable","14":"purchasable","15":"product-type-variable"},"_links":{"self":[{"href":"https:\/\/olla.ee\/en\/wp-json\/wp\/v2\/product\/72292","targetHints":{"allow":["GET"]}}],"collection":[{"href":"https:\/\/olla.ee\/en\/wp-json\/wp\/v2\/product"}],"about":[{"href":"https:\/\/olla.ee\/en\/wp-json\/wp\/v2\/types\/product"}],"wp:featuredmedia":[{"embeddable":true,"href":"https:\/\/olla.ee\/en\/wp-json\/wp\/v2\/media\/72297"}],"wp:attachment":[{"href":"https:\/\/olla.ee\/en\/wp-json\/wp\/v2\/media?parent=72292"}],"wp:term":[{"taxonomy":"product_brand","embeddable":true,"href":"https:\/\/olla.ee\/en\/wp-json\/wp\/v2\/product_brand?post=72292"},{"taxonomy":"product_cat","embeddable":true,"href":"https:\/\/olla.ee\/en\/wp-json\/wp\/v2\/product_cat?post=72292"},{"taxonomy":"product_tag","embeddable":true,"href":"https:\/\/olla.ee\/en\/wp-json\/wp\/v2\/product_tag?post=72292"}],"curies":[{"name":"wp","href":"https:\/\/api.w.org\/{rel}","templated":true}]}}