{"id":72273,"date":"2022-11-11T13:05:47","date_gmt":"2022-11-11T11:05:47","guid":{"rendered":"https:\/\/olla.ee\/?post_type=product&#038;p=72273"},"modified":"2025-12-15T12:47:13","modified_gmt":"2025-12-15T10:47:13","slug":"ela-ja-sara-medaljoniga-kaelakee","status":"publish","type":"product","link":"https:\/\/olla.ee\/en\/toode\/ela-ja-sara-medaljoniga-kaelakee\/","title":{"rendered":"ELA JA S\u00c4RA medaljoniga kaelakee"},"content":{"rendered":"<div>&gt;&gt; Saadaval: h\u00f5be, kulla ja roosa kulla v\u00e4rvi<\/div>\n<div><\/div>\n<div><strong><em>&gt;&gt;\u00a0<\/em>Kui kiiresti kaelakee minuni j\u00f5uab?<\/strong>\u00a0\u2013 Tellimused postitame SmartPOSTi ja Omniva pakiautomaatidesse igap\u00e4evaselt. Paki kohalej\u00f5udmine v\u00f5tab 1-2 p\u00e4eva.<\/div>\n","protected":false},"excerpt":{"rendered":"<div>\n<div>\n<p>&gt; Medaljoni l\u00e4bim\u00f5\u00f5t 180 mm. Keti pikkus on 49 cm. Reguleeritav on 3 x 3cm kaupa l\u00fchemaks.<\/p>\n<\/div>\n<p>&gt; Saadaval: h\u00f5be, kulla ja roosa kulla v\u00e4rvi. Materjal roostevaba teras. Ei tekita allergiaid, ei kriimu ega tuhmu.<\/p>\n<p>&gt; Postitame \u00fche kuni kahe t\u00f6\u00f6p\u00e4eva jooksul.<\/p>\n<\/div>\n<p>&nbsp;<\/p>\n","protected":false},"featured_media":72237,"template":"","meta":[],"product_brand":[],"product_cat":[1340,1271],"product_tag":[],"class_list":{"0":"post-72273","1":"product","2":"type-product","3":"status-publish","4":"has-post-thumbnail","6":"product_cat-koolilopp","7":"product_cat-kaelakeed","9":"first","10":"instock","11":"sale","12":"taxable","13":"shipping-taxable","14":"product-type-variable"},"_links":{"self":[{"href":"https:\/\/olla.ee\/en\/wp-json\/wp\/v2\/product\/72273","targetHints":{"allow":["GET"]}}],"collection":[{"href":"https:\/\/olla.ee\/en\/wp-json\/wp\/v2\/product"}],"about":[{"href":"https:\/\/olla.ee\/en\/wp-json\/wp\/v2\/types\/product"}],"wp:featuredmedia":[{"embeddable":true,"href":"https:\/\/olla.ee\/en\/wp-json\/wp\/v2\/media\/72237"}],"wp:attachment":[{"href":"https:\/\/olla.ee\/en\/wp-json\/wp\/v2\/media?parent=72273"}],"wp:term":[{"taxonomy":"product_brand","embeddable":true,"href":"https:\/\/olla.ee\/en\/wp-json\/wp\/v2\/product_brand?post=72273"},{"taxonomy":"product_cat","embeddable":true,"href":"https:\/\/olla.ee\/en\/wp-json\/wp\/v2\/product_cat?post=72273"},{"taxonomy":"product_tag","embeddable":true,"href":"https:\/\/olla.ee\/en\/wp-json\/wp\/v2\/product_tag?post=72273"}],"curies":[{"name":"wp","href":"https:\/\/api.w.org\/{rel}","templated":true}]}}